{"id":2109,"date":"2018-07-03T12:43:03","date_gmt":"2018-07-03T12:43:03","guid":{"rendered":"http:\/\/ulslevstrandcamping.dk.linux102.curanetserver.dk\/?page_id=751"},"modified":"2025-10-28T13:31:10","modified_gmt":"2025-10-28T12:31:10","slug":"einkaufen-und-attraktionen","status":"publish","type":"page","link":"https:\/\/ulslevstrandcamping.dk\/de\/einkaufen-und-attraktionen\/","title":{"rendered":"Einkaufen und Attraktionen"},"content":{"rendered":"<p>Viel Sonne und Sand zwischen den ZehenGenie\u00dfen Sie Ihren n\u00e4chsten Familienurlaub auf Ulslev StrandcampingLesen Sie mehr<\/p>\n<p>Ulslev Strandcamping liegt inmitten einzigartiger Natur und in der N\u00e4he des Ferienortes Marielyst, der mit gem\u00fctlichen Caf\u00e9s und vielen Einkaufsm\u00f6glichkeiten aufwartet. W\u00e4hrend Ihres Aufenthalts auf Ulslev Strandcamping gibt es viele M\u00f6glichkeiten f\u00fcr Erlebnisse unterschiedlicher Art.<\/p>\n<h2>Der Ferienort Marielyst<\/h2>\n<p>Nur wenige Autominuten von Ulslev Strandcamping entfernt liegt der lebendige Ferienort Marielyst mit gem\u00fctlichen Restaurants, kleinen Caf\u00e9s, einer anspruchsvollen Go-Kart-Bahn und spannenden Sommergesch\u00e4ften.<br \/>\nSehen Sie mehr unter www.gokart.dk.<\/p>\n<p>Der Ferienort Marielyst bietet aber auch traditionelle Unterhaltung. Das Marielyst Bowling Centre bietet Bowling auf neuen, modernen Bahnen und eine Spielhalle mit extremen Spielautomaten. www.superbowling.dk<\/p>\n<h2>Aufregende Attraktionen<\/h2>\n<p>Zu den spannenden Attraktionen geh\u00f6ren www.middelaldercentret.dk , der Safaripark Knuthenborg und die Museumseisenbahn Maribo-Bandholm, www.krokodillezoo.dk und www.guldborgsundzoo.dk, die alle einen Besuch wert sind.<\/p>\n<p>Wenn Sie sich f\u00fcr Kunst interessieren, empfehlen wir Ihnen das nahe gelegene www.gallerisyd.dk. Weitere Informationen \u00fcber Lolland-Falster finden Sie unter www.visitlolland-falster.dk<\/p>\n<h2>Exkursion mit der d\u00e4nischen Naturbeh\u00f6rde<\/h2>\n<p>Unter diesem Link k\u00f6nnen Sie ein Faltblatt mit einer Beschreibung der gef\u00fchrten Touren der d\u00e4nischen Naturbeh\u00f6rde auf Ost-Falster herunterladen.<\/p>\n<h2>Die Marktgemeinde Nyk\u00f8bing Falster<\/h2>\n<p>Die gr\u00f6\u00dfte Stadt auf Lolland-Falster. Hier finden Sie eine reiche Auswahl an gem\u00fctlichen Gesch\u00e4ften, zwei w\u00f6chentliche Markttage, eine \u00fcberregional bekannte Sommerrevue und vieles mehr. www.visitlolland-falster.com<\/p>\n<blockquote><p>Erleben Sie einen aktiven Urlaub in einzigartiger Natur<\/p><\/blockquote>\n","protected":false},"excerpt":{"rendered":"<p>Viel Sonne und Sand zwischen den ZehenGenie\u00dfen Sie Ihren n\u00e4chsten Familienurlaub auf Ulslev StrandcampingLesen Sie mehr Ulslev Strandcamping liegt inmitten&#8230;<\/p>\n","protected":false},"author":1,"featured_media":0,"parent":0,"menu_order":0,"comment_status":"closed","ping_status":"closed","template":"","meta":{"_acf_changed":false,"footnotes":""},"class_list":["post-2109","page","type-page","status-publish","hentry"],"acf":[],"yoast_head":"<!-- This site is optimized with the Yoast SEO plugin v23.9 - https:\/\/yoast.com\/wordpress\/plugins\/seo\/ -->\n<title>Shopping und Attraktionen | Reiche M\u00f6glichkeiten | Falster | Lesen Sie hier mehr<\/title>\n<meta name=\"description\" content=\"Ulslev Strandcamping liegt inmitten einzigartiger Natur und in der N\u00e4he des Ferienortes Marielyst, der mit gem\u00fctlichen Caf\u00e9s und vielen Einkaufsm\u00f6glichkeiten aufwartet.\" \/>\n<meta name=\"robots\" content=\"index, follow, max-snippet:-1, max-image-preview:large, max-video-preview:-1\" \/>\n<link rel=\"canonical\" href=\"https:\/\/ulslevstrandcamping.dk\/de\/einkaufen-und-attraktionen\/\" \/>\n<meta property=\"og:locale\" content=\"da_DK\" \/>\n<meta property=\"og:type\" content=\"article\" \/>\n<meta property=\"og:title\" content=\"Shopping und Attraktionen | Reiche M\u00f6glichkeiten | Falster | Lesen Sie hier mehr\" \/>\n<meta property=\"og:description\" content=\"Ulslev Strandcamping liegt inmitten einzigartiger Natur und in der N\u00e4he des Ferienortes Marielyst, der mit gem\u00fctlichen Caf\u00e9s und vielen Einkaufsm\u00f6glichkeiten aufwartet.\" \/>\n<meta property=\"og:url\" content=\"https:\/\/ulslevstrandcamping.dk\/de\/einkaufen-und-attraktionen\/\" \/>\n<meta property=\"og:site_name\" content=\"DE Ulslevstrandcamping.dk\" \/>\n<meta property=\"article:modified_time\" content=\"2025-10-28T12:31:10+00:00\" \/>\n<meta name=\"twitter:card\" content=\"summary_large_image\" \/>\n<meta name=\"twitter:label1\" content=\"Estimeret l\u00e6setid\" \/>\n\t<meta name=\"twitter:data1\" content=\"3 minutter\" \/>\n<!-- \/ Yoast SEO plugin. -->","yoast_head_json":{"title":"Shopping und Attraktionen | Reiche M\u00f6glichkeiten | Falster | Lesen Sie hier mehr","description":"Ulslev Strandcamping liegt inmitten einzigartiger Natur und in der N\u00e4he des Ferienortes Marielyst, der mit gem\u00fctlichen Caf\u00e9s und vielen Einkaufsm\u00f6glichkeiten aufwartet.","robots":{"index":"index","follow":"follow","max-snippet":"max-snippet:-1","max-image-preview":"max-image-preview:large","max-video-preview":"max-video-preview:-1"},"canonical":"https:\/\/ulslevstrandcamping.dk\/de\/einkaufen-und-attraktionen\/","og_locale":"da_DK","og_type":"article","og_title":"Shopping und Attraktionen | Reiche M\u00f6glichkeiten | Falster | Lesen Sie hier mehr","og_description":"Ulslev Strandcamping liegt inmitten einzigartiger Natur und in der N\u00e4he des Ferienortes Marielyst, der mit gem\u00fctlichen Caf\u00e9s und vielen Einkaufsm\u00f6glichkeiten aufwartet.","og_url":"https:\/\/ulslevstrandcamping.dk\/de\/einkaufen-und-attraktionen\/","og_site_name":"DE Ulslevstrandcamping.dk","article_modified_time":"2025-10-28T12:31:10+00:00","twitter_card":"summary_large_image","twitter_misc":{"Estimeret l\u00e6setid":"3 minutter"},"schema":{"@context":"https:\/\/schema.org","@graph":[{"@type":"WebPage","@id":"https:\/\/ulslevstrandcamping.dk\/de\/einkaufen-und-attraktionen\/","url":"https:\/\/ulslevstrandcamping.dk\/de\/einkaufen-und-attraktionen\/","name":"Shopping und Attraktionen | Reiche M\u00f6glichkeiten | Falster | Lesen Sie hier mehr","isPartOf":{"@id":"https:\/\/ulslevstrandcamping.dk\/de\/#website"},"datePublished":"2018-07-03T12:43:03+00:00","dateModified":"2025-10-28T12:31:10+00:00","description":"Ulslev Strandcamping liegt inmitten einzigartiger Natur und in der N\u00e4he des Ferienortes Marielyst, der mit gem\u00fctlichen Caf\u00e9s und vielen Einkaufsm\u00f6glichkeiten aufwartet.","breadcrumb":{"@id":"https:\/\/ulslevstrandcamping.dk\/de\/einkaufen-und-attraktionen\/#breadcrumb"},"inLanguage":"da-DK","potentialAction":[{"@type":"ReadAction","target":["https:\/\/ulslevstrandcamping.dk\/de\/einkaufen-und-attraktionen\/"]}]},{"@type":"BreadcrumbList","@id":"https:\/\/ulslevstrandcamping.dk\/de\/einkaufen-und-attraktionen\/#breadcrumb","itemListElement":[{"@type":"ListItem","position":1,"name":"Hjem","item":"https:\/\/ulslevstrandcamping.dk\/de\/"},{"@type":"ListItem","position":2,"name":"Einkaufen und Attraktionen"}]},{"@type":"WebSite","@id":"https:\/\/ulslevstrandcamping.dk\/de\/#website","url":"https:\/\/ulslevstrandcamping.dk\/de\/","name":"DE Ulslevstrandcamping.dk","description":"","potentialAction":[{"@type":"SearchAction","target":{"@type":"EntryPoint","urlTemplate":"https:\/\/ulslevstrandcamping.dk\/de\/?s={search_term_string}"},"query-input":{"@type":"PropertyValueSpecification","valueRequired":true,"valueName":"search_term_string"}}],"inLanguage":"da-DK"}]}},"_links":{"self":[{"href":"https:\/\/ulslevstrandcamping.dk\/de\/wp-json\/wp\/v2\/pages\/2109","targetHints":{"allow":["GET"]}}],"collection":[{"href":"https:\/\/ulslevstrandcamping.dk\/de\/wp-json\/wp\/v2\/pages"}],"about":[{"href":"https:\/\/ulslevstrandcamping.dk\/de\/wp-json\/wp\/v2\/types\/page"}],"author":[{"embeddable":true,"href":"https:\/\/ulslevstrandcamping.dk\/de\/wp-json\/wp\/v2\/users\/1"}],"replies":[{"embeddable":true,"href":"https:\/\/ulslevstrandcamping.dk\/de\/wp-json\/wp\/v2\/comments?post=2109"}],"version-history":[{"count":15,"href":"https:\/\/ulslevstrandcamping.dk\/de\/wp-json\/wp\/v2\/pages\/2109\/revisions"}],"predecessor-version":[{"id":2912,"href":"https:\/\/ulslevstrandcamping.dk\/de\/wp-json\/wp\/v2\/pages\/2109\/revisions\/2912"}],"wp:attachment":[{"href":"https:\/\/ulslevstrandcamping.dk\/de\/wp-json\/wp\/v2\/media?parent=2109"}],"curies":[{"name":"wp","href":"https:\/\/api.w.org\/{rel}","templated":true}]}}