{"id":253,"date":"2018-06-13T11:26:22","date_gmt":"2018-06-13T11:26:22","guid":{"rendered":"http:\/\/ulslevstrandcamping.dk.linux102.curanetserver.dk\/?page_id=253"},"modified":"2025-10-28T12:59:00","modified_gmt":"2025-10-28T11:59:00","slug":"kontakt","status":"publish","type":"page","link":"https:\/\/ulslevstrandcamping.dk\/de\/kontakt\/","title":{"rendered":"Kontakt"},"content":{"rendered":"<p>Viel Sonne und Sand zwischen den ZehenGenie\u00dfen Sie Ihren n\u00e4chsten Familienurlaub auf Ulslev StrandcampingLesen Sie mehr<\/p>\n<h1>Wie man dorthin kommt<\/h1>\n<p>Am Kreisverkehr auf der E55 in Nyk\u00f8bing Falster Syd biegen Sie in Richtung Horbelev ab. Der Kreisverkehr ist leicht an dem &#8220;Bliden&#8221; in der Mitte zu erkennen &#8211; ein Steinwerfer aus dem Mittelalter.<\/p>\n<p>Nach 2 Kilometern auf dieser Stra\u00dfe biegen Sie rechts in den \u00d8sters\u00f8vej ein, der direkt nach Ulslev Strand f\u00fchrt. An der Kreuzung in Idestrup fahren Sie geradeaus.<\/p>\n<p>Wir w\u00fcnschen Ihnen eine sch\u00f6ne Fahrt durch die sch\u00f6ne Landschaft.<\/p>\n<h2>Ulslev Strandcamping<\/h2>\n","protected":false},"excerpt":{"rendered":"<p>Viel Sonne und Sand zwischen den ZehenGenie\u00dfen Sie Ihren n\u00e4chsten Familienurlaub auf Ulslev StrandcampingLesen Sie mehr Wie man dorthin kommt&#8230;<\/p>\n","protected":false},"author":1,"featured_media":0,"parent":0,"menu_order":0,"comment_status":"closed","ping_status":"closed","template":"","meta":{"_acf_changed":false,"footnotes":""},"class_list":["post-253","page","type-page","status-publish","hentry"],"acf":[],"yoast_head":"<!-- This site is optimized with the Yoast SEO plugin v23.9 - https:\/\/yoast.com\/wordpress\/plugins\/seo\/ -->\n<title>Kontaktieren Sie uns | Ulslev Strandcamping | Genie\u00dfen Sie die sch\u00f6ne Landschaft.<\/title>\n<meta name=\"description\" content=\"Lesen Sie hier, wie Sie dorthin gelangen. Wenn Sie Fragen haben, k\u00f6nnen Sie sich gerne an uns wenden, um weitere Informationen zu erhalten.\" \/>\n<meta name=\"robots\" content=\"index, follow, max-snippet:-1, max-image-preview:large, max-video-preview:-1\" \/>\n<link rel=\"canonical\" href=\"https:\/\/ulslevstrandcamping.dk\/de\/kontakt\/\" \/>\n<meta property=\"og:locale\" content=\"da_DK\" \/>\n<meta property=\"og:type\" content=\"article\" \/>\n<meta property=\"og:title\" content=\"Kontaktieren Sie uns | Ulslev Strandcamping | Genie\u00dfen Sie die sch\u00f6ne Landschaft.\" \/>\n<meta property=\"og:description\" content=\"Lesen Sie hier, wie Sie dorthin gelangen. Wenn Sie Fragen haben, k\u00f6nnen Sie sich gerne an uns wenden, um weitere Informationen zu erhalten.\" \/>\n<meta property=\"og:url\" content=\"https:\/\/ulslevstrandcamping.dk\/de\/kontakt\/\" \/>\n<meta property=\"og:site_name\" content=\"DE Ulslevstrandcamping.dk\" \/>\n<meta property=\"article:modified_time\" content=\"2025-10-28T11:59:00+00:00\" \/>\n<meta name=\"twitter:card\" content=\"summary_large_image\" \/>\n<meta name=\"twitter:label1\" content=\"Estimeret l\u00e6setid\" \/>\n\t<meta name=\"twitter:data1\" content=\"2 minutter\" \/>\n<!-- \/ Yoast SEO plugin. -->","yoast_head_json":{"title":"Kontaktieren Sie uns | Ulslev Strandcamping | Genie\u00dfen Sie die sch\u00f6ne Landschaft.","description":"Lesen Sie hier, wie Sie dorthin gelangen. Wenn Sie Fragen haben, k\u00f6nnen Sie sich gerne an uns wenden, um weitere Informationen zu erhalten.","robots":{"index":"index","follow":"follow","max-snippet":"max-snippet:-1","max-image-preview":"max-image-preview:large","max-video-preview":"max-video-preview:-1"},"canonical":"https:\/\/ulslevstrandcamping.dk\/de\/kontakt\/","og_locale":"da_DK","og_type":"article","og_title":"Kontaktieren Sie uns | Ulslev Strandcamping | Genie\u00dfen Sie die sch\u00f6ne Landschaft.","og_description":"Lesen Sie hier, wie Sie dorthin gelangen. Wenn Sie Fragen haben, k\u00f6nnen Sie sich gerne an uns wenden, um weitere Informationen zu erhalten.","og_url":"https:\/\/ulslevstrandcamping.dk\/de\/kontakt\/","og_site_name":"DE Ulslevstrandcamping.dk","article_modified_time":"2025-10-28T11:59:00+00:00","twitter_card":"summary_large_image","twitter_misc":{"Estimeret l\u00e6setid":"2 minutter"},"schema":{"@context":"https:\/\/schema.org","@graph":[{"@type":"WebPage","@id":"https:\/\/ulslevstrandcamping.dk\/de\/kontakt\/","url":"https:\/\/ulslevstrandcamping.dk\/de\/kontakt\/","name":"Kontaktieren Sie uns | Ulslev Strandcamping | Genie\u00dfen Sie die sch\u00f6ne Landschaft.","isPartOf":{"@id":"https:\/\/ulslevstrandcamping.dk\/de\/#website"},"datePublished":"2018-06-13T11:26:22+00:00","dateModified":"2025-10-28T11:59:00+00:00","description":"Lesen Sie hier, wie Sie dorthin gelangen. Wenn Sie Fragen haben, k\u00f6nnen Sie sich gerne an uns wenden, um weitere Informationen zu erhalten.","breadcrumb":{"@id":"https:\/\/ulslevstrandcamping.dk\/de\/kontakt\/#breadcrumb"},"inLanguage":"da-DK","potentialAction":[{"@type":"ReadAction","target":["https:\/\/ulslevstrandcamping.dk\/de\/kontakt\/"]}]},{"@type":"BreadcrumbList","@id":"https:\/\/ulslevstrandcamping.dk\/de\/kontakt\/#breadcrumb","itemListElement":[{"@type":"ListItem","position":1,"name":"Hjem","item":"https:\/\/ulslevstrandcamping.dk\/de\/"},{"@type":"ListItem","position":2,"name":"Kontakt"}]},{"@type":"WebSite","@id":"https:\/\/ulslevstrandcamping.dk\/de\/#website","url":"https:\/\/ulslevstrandcamping.dk\/de\/","name":"DE Ulslevstrandcamping.dk","description":"","potentialAction":[{"@type":"SearchAction","target":{"@type":"EntryPoint","urlTemplate":"https:\/\/ulslevstrandcamping.dk\/de\/?s={search_term_string}"},"query-input":{"@type":"PropertyValueSpecification","valueRequired":true,"valueName":"search_term_string"}}],"inLanguage":"da-DK"}]}},"_links":{"self":[{"href":"https:\/\/ulslevstrandcamping.dk\/de\/wp-json\/wp\/v2\/pages\/253","targetHints":{"allow":["GET"]}}],"collection":[{"href":"https:\/\/ulslevstrandcamping.dk\/de\/wp-json\/wp\/v2\/pages"}],"about":[{"href":"https:\/\/ulslevstrandcamping.dk\/de\/wp-json\/wp\/v2\/types\/page"}],"author":[{"embeddable":true,"href":"https:\/\/ulslevstrandcamping.dk\/de\/wp-json\/wp\/v2\/users\/1"}],"replies":[{"embeddable":true,"href":"https:\/\/ulslevstrandcamping.dk\/de\/wp-json\/wp\/v2\/comments?post=253"}],"version-history":[{"count":15,"href":"https:\/\/ulslevstrandcamping.dk\/de\/wp-json\/wp\/v2\/pages\/253\/revisions"}],"predecessor-version":[{"id":2882,"href":"https:\/\/ulslevstrandcamping.dk\/de\/wp-json\/wp\/v2\/pages\/253\/revisions\/2882"}],"wp:attachment":[{"href":"https:\/\/ulslevstrandcamping.dk\/de\/wp-json\/wp\/v2\/media?parent=253"}],"curies":[{"name":"wp","href":"https:\/\/api.w.org\/{rel}","templated":true}]}}