{"id":428,"date":"2018-07-03T07:12:30","date_gmt":"2018-07-03T07:12:30","guid":{"rendered":"http:\/\/ulslevstrandcamping.dk.linux102.curanetserver.dk\/?page_id=428"},"modified":"2025-10-28T13:23:21","modified_gmt":"2025-10-28T12:23:21","slug":"aktive-ferien","status":"publish","type":"page","link":"https:\/\/ulslevstrandcamping.dk\/de\/aktive-ferien\/","title":{"rendered":"Aktive Ferien"},"content":{"rendered":"","protected":false},"excerpt":{"rendered":"","protected":false},"author":1,"featured_media":0,"parent":0,"menu_order":0,"comment_status":"closed","ping_status":"closed","template":"","meta":{"_acf_changed":false,"footnotes":""},"class_list":["post-428","page","type-page","status-publish","hentry"],"acf":[],"yoast_head":"<!-- This site is optimized with the Yoast SEO plugin v23.9 - https:\/\/yoast.com\/wordpress\/plugins\/seo\/ -->\n<title>Aktivurlaub | Wandern, Laufen, Radfahren usw. | Ulslev StrandCamping<\/title>\n<meta name=\"description\" content=\"\u00dcberall in Falster gibt es tolle Routen und Gebiete f\u00fcr Mountainbiker. Wenn Sie angeln m\u00f6chten, k\u00f6nnen Sie dies von der K\u00fcste aus oder in den Put-and-Take-Seen tun. Lesen Sie hier mehr.\" \/>\n<meta name=\"robots\" content=\"index, follow, max-snippet:-1, max-image-preview:large, max-video-preview:-1\" \/>\n<link rel=\"canonical\" href=\"https:\/\/ulslevstrandcamping.dk\/de\/aktive-ferien\/\" \/>\n<meta property=\"og:locale\" content=\"da_DK\" \/>\n<meta property=\"og:type\" content=\"article\" \/>\n<meta property=\"og:title\" content=\"Aktivurlaub | Wandern, Laufen, Radfahren usw. | Ulslev StrandCamping\" \/>\n<meta property=\"og:description\" content=\"\u00dcberall in Falster gibt es tolle Routen und Gebiete f\u00fcr Mountainbiker. Wenn Sie angeln m\u00f6chten, k\u00f6nnen Sie dies von der K\u00fcste aus oder in den Put-and-Take-Seen tun. Lesen Sie hier mehr.\" \/>\n<meta property=\"og:url\" content=\"https:\/\/ulslevstrandcamping.dk\/de\/aktive-ferien\/\" \/>\n<meta property=\"og:site_name\" content=\"DE Ulslevstrandcamping.dk\" \/>\n<meta property=\"article:modified_time\" content=\"2025-10-28T12:23:21+00:00\" \/>\n<meta name=\"twitter:card\" content=\"summary_large_image\" \/>\n<meta name=\"twitter:label1\" content=\"Estimeret l\u00e6setid\" \/>\n\t<meta name=\"twitter:data1\" content=\"3 minutter\" \/>\n<!-- \/ Yoast SEO plugin. -->","yoast_head_json":{"title":"Aktivurlaub | Wandern, Laufen, Radfahren usw. | Ulslev StrandCamping","description":"\u00dcberall in Falster gibt es tolle Routen und Gebiete f\u00fcr Mountainbiker. Wenn Sie angeln m\u00f6chten, k\u00f6nnen Sie dies von der K\u00fcste aus oder in den Put-and-Take-Seen tun. Lesen Sie hier mehr.","robots":{"index":"index","follow":"follow","max-snippet":"max-snippet:-1","max-image-preview":"max-image-preview:large","max-video-preview":"max-video-preview:-1"},"canonical":"https:\/\/ulslevstrandcamping.dk\/de\/aktive-ferien\/","og_locale":"da_DK","og_type":"article","og_title":"Aktivurlaub | Wandern, Laufen, Radfahren usw. | Ulslev StrandCamping","og_description":"\u00dcberall in Falster gibt es tolle Routen und Gebiete f\u00fcr Mountainbiker. Wenn Sie angeln m\u00f6chten, k\u00f6nnen Sie dies von der K\u00fcste aus oder in den Put-and-Take-Seen tun. Lesen Sie hier mehr.","og_url":"https:\/\/ulslevstrandcamping.dk\/de\/aktive-ferien\/","og_site_name":"DE Ulslevstrandcamping.dk","article_modified_time":"2025-10-28T12:23:21+00:00","twitter_card":"summary_large_image","twitter_misc":{"Estimeret l\u00e6setid":"3 minutter"},"schema":{"@context":"https:\/\/schema.org","@graph":[{"@type":"WebPage","@id":"https:\/\/ulslevstrandcamping.dk\/de\/aktive-ferien\/","url":"https:\/\/ulslevstrandcamping.dk\/de\/aktive-ferien\/","name":"Aktivurlaub | Wandern, Laufen, Radfahren usw. | Ulslev StrandCamping","isPartOf":{"@id":"https:\/\/ulslevstrandcamping.dk\/de\/#website"},"datePublished":"2018-07-03T07:12:30+00:00","dateModified":"2025-10-28T12:23:21+00:00","description":"\u00dcberall in Falster gibt es tolle Routen und Gebiete f\u00fcr Mountainbiker. Wenn Sie angeln m\u00f6chten, k\u00f6nnen Sie dies von der K\u00fcste aus oder in den Put-and-Take-Seen tun. Lesen Sie hier mehr.","breadcrumb":{"@id":"https:\/\/ulslevstrandcamping.dk\/de\/aktive-ferien\/#breadcrumb"},"inLanguage":"da-DK","potentialAction":[{"@type":"ReadAction","target":["https:\/\/ulslevstrandcamping.dk\/de\/aktive-ferien\/"]}]},{"@type":"BreadcrumbList","@id":"https:\/\/ulslevstrandcamping.dk\/de\/aktive-ferien\/#breadcrumb","itemListElement":[{"@type":"ListItem","position":1,"name":"Hjem","item":"https:\/\/ulslevstrandcamping.dk\/de\/"},{"@type":"ListItem","position":2,"name":"Aktive Ferien"}]},{"@type":"WebSite","@id":"https:\/\/ulslevstrandcamping.dk\/de\/#website","url":"https:\/\/ulslevstrandcamping.dk\/de\/","name":"DE Ulslevstrandcamping.dk","description":"","potentialAction":[{"@type":"SearchAction","target":{"@type":"EntryPoint","urlTemplate":"https:\/\/ulslevstrandcamping.dk\/de\/?s={search_term_string}"},"query-input":{"@type":"PropertyValueSpecification","valueRequired":true,"valueName":"search_term_string"}}],"inLanguage":"da-DK"}]}},"_links":{"self":[{"href":"https:\/\/ulslevstrandcamping.dk\/de\/wp-json\/wp\/v2\/pages\/428","targetHints":{"allow":["GET"]}}],"collection":[{"href":"https:\/\/ulslevstrandcamping.dk\/de\/wp-json\/wp\/v2\/pages"}],"about":[{"href":"https:\/\/ulslevstrandcamping.dk\/de\/wp-json\/wp\/v2\/types\/page"}],"author":[{"embeddable":true,"href":"https:\/\/ulslevstrandcamping.dk\/de\/wp-json\/wp\/v2\/users\/1"}],"replies":[{"embeddable":true,"href":"https:\/\/ulslevstrandcamping.dk\/de\/wp-json\/wp\/v2\/comments?post=428"}],"version-history":[{"count":15,"href":"https:\/\/ulslevstrandcamping.dk\/de\/wp-json\/wp\/v2\/pages\/428\/revisions"}],"predecessor-version":[{"id":2901,"href":"https:\/\/ulslevstrandcamping.dk\/de\/wp-json\/wp\/v2\/pages\/428\/revisions\/2901"}],"wp:attachment":[{"href":"https:\/\/ulslevstrandcamping.dk\/de\/wp-json\/wp\/v2\/media?parent=428"}],"curies":[{"name":"wp","href":"https:\/\/api.w.org\/{rel}","templated":true}]}}