{"id":447,"date":"2018-07-03T07:29:19","date_gmt":"2018-07-03T07:29:19","guid":{"rendered":"http:\/\/ulslevstrandcamping.dk.linux102.curanetserver.dk\/?page_id=447"},"modified":"2025-10-28T13:24:19","modified_gmt":"2025-10-28T12:24:19","slug":"golfurlaub","status":"publish","type":"page","link":"https:\/\/ulslevstrandcamping.dk\/de\/golfurlaub\/","title":{"rendered":"Golfurlaub"},"content":{"rendered":"<p><a href=\"\/campingpladser-paa-lolland-falster\">Viel Sonne und Sand zwischen den ZehenGenie\u00dfen Sie Ihren n\u00e4chsten Familienurlaub auf Ulslev StrandcampingLesen Sie mehr<\/a><\/p>\n<h1>Golfurlaub<\/h1>\n<p>Weniger als 10 Kilometer vom Campingplatz entfernt befinden sich die Golfpl\u00e4tze Golfklubben Storstr\u00f8mmen <a href=\"http:\/\/www.storstroemmen.dk\" target=\"_blank\" rel=\"noopener\">www.storstroemmen.dk<\/a> und Marielyst Golf klub <a href=\"http:\/\/www.marielystgolfklub.dk\" target=\"_blank\" rel=\"noopener\">www.marielystgolfklub.dk.<\/a> Etwas weiter entfernt liegt der Falster Golfklub <a href=\"http:\/\/www.falstergolfklub.dk\" target=\"_blank\" rel=\"noopener\">www.falstergolfklub.dk.<\/a> Alle Pl\u00e4tze liegen inmitten sch\u00f6ner Natur. Informationen zu den Pl\u00e4tzen und Preisen finden Sie auf den jeweiligen Websites. Alle Pl\u00e4tze bieten die M\u00f6glichkeit des Pay and Play.<\/p>\n<h2>Wir haben ein tolles Angebot f\u00fcr Sie<\/h2>\n<p>Spielen Sie w\u00e4hrend Ihres Aufenthalts auf Ulslev Strandcamping ein paar Runden auf dem Golfplatz. Verbringen Sie die Nacht in einer unserer gut ausgestatteten H\u00fctten. F\u00fcr 4 Personen, 2 N\u00e4chte von Freitag bis Sonntag in der Nebensaison, betr\u00e4gt der Preis nur 250 DKK pro Person.<\/p>\n<blockquote><p>Kombinieren Sie Ihren Aufenthalt auf Ulslev Strandcamping mit ein paar Runden auf dem Golfplatz<\/p><\/blockquote>\n","protected":false},"excerpt":{"rendered":"<p>Viel Sonne und Sand zwischen den ZehenGenie\u00dfen Sie Ihren n\u00e4chsten Familienurlaub auf Ulslev StrandcampingLesen Sie mehr Golfurlaub Weniger als 10&#8230;<\/p>\n","protected":false},"author":1,"featured_media":0,"parent":0,"menu_order":0,"comment_status":"closed","ping_status":"closed","template":"","meta":{"_acf_changed":false,"footnotes":""},"class_list":["post-447","page","type-page","status-publish","hentry"],"acf":[],"yoast_head":"<!-- This site is optimized with the Yoast SEO plugin v23.9 - https:\/\/yoast.com\/wordpress\/plugins\/seo\/ -->\n<title>Golfurlaub Falster | Campingurlaub mit tollen Golfm\u00f6glichkeiten - Golfunterk\u00fcnfte<\/title>\n<meta name=\"description\" content=\"Weniger als 10 Kilometer vom Campingplatz entfernt finden Sie die Golfpl\u00e4tze. Alle Pl\u00e4tze liegen in einer wundersch\u00f6nen Natur. Alle Pl\u00e4tze bieten die M\u00f6glichkeit des Pay and Play. Lesen Sie hier mehr.\" \/>\n<meta name=\"robots\" content=\"index, follow, max-snippet:-1, max-image-preview:large, max-video-preview:-1\" \/>\n<link rel=\"canonical\" href=\"https:\/\/ulslevstrandcamping.dk\/de\/golfurlaub\/\" \/>\n<meta property=\"og:locale\" content=\"da_DK\" \/>\n<meta property=\"og:type\" content=\"article\" \/>\n<meta property=\"og:title\" content=\"Golfurlaub Falster | Campingurlaub mit tollen Golfm\u00f6glichkeiten - Golfunterk\u00fcnfte\" \/>\n<meta property=\"og:description\" content=\"Weniger als 10 Kilometer vom Campingplatz entfernt finden Sie die Golfpl\u00e4tze. Alle Pl\u00e4tze liegen in einer wundersch\u00f6nen Natur. Alle Pl\u00e4tze bieten die M\u00f6glichkeit des Pay and Play. Lesen Sie hier mehr.\" \/>\n<meta property=\"og:url\" content=\"https:\/\/ulslevstrandcamping.dk\/de\/golfurlaub\/\" \/>\n<meta property=\"og:site_name\" content=\"DE Ulslevstrandcamping.dk\" \/>\n<meta property=\"article:modified_time\" content=\"2025-10-28T12:24:19+00:00\" \/>\n<meta name=\"twitter:card\" content=\"summary_large_image\" \/>\n<meta name=\"twitter:label1\" content=\"Estimeret l\u00e6setid\" \/>\n\t<meta name=\"twitter:data1\" content=\"3 minutter\" \/>\n<!-- \/ Yoast SEO plugin. -->","yoast_head_json":{"title":"Golfurlaub Falster | Campingurlaub mit tollen Golfm\u00f6glichkeiten - Golfunterk\u00fcnfte","description":"Weniger als 10 Kilometer vom Campingplatz entfernt finden Sie die Golfpl\u00e4tze. Alle Pl\u00e4tze liegen in einer wundersch\u00f6nen Natur. Alle Pl\u00e4tze bieten die M\u00f6glichkeit des Pay and Play. Lesen Sie hier mehr.","robots":{"index":"index","follow":"follow","max-snippet":"max-snippet:-1","max-image-preview":"max-image-preview:large","max-video-preview":"max-video-preview:-1"},"canonical":"https:\/\/ulslevstrandcamping.dk\/de\/golfurlaub\/","og_locale":"da_DK","og_type":"article","og_title":"Golfurlaub Falster | Campingurlaub mit tollen Golfm\u00f6glichkeiten - Golfunterk\u00fcnfte","og_description":"Weniger als 10 Kilometer vom Campingplatz entfernt finden Sie die Golfpl\u00e4tze. Alle Pl\u00e4tze liegen in einer wundersch\u00f6nen Natur. Alle Pl\u00e4tze bieten die M\u00f6glichkeit des Pay and Play. Lesen Sie hier mehr.","og_url":"https:\/\/ulslevstrandcamping.dk\/de\/golfurlaub\/","og_site_name":"DE Ulslevstrandcamping.dk","article_modified_time":"2025-10-28T12:24:19+00:00","twitter_card":"summary_large_image","twitter_misc":{"Estimeret l\u00e6setid":"3 minutter"},"schema":{"@context":"https:\/\/schema.org","@graph":[{"@type":"WebPage","@id":"https:\/\/ulslevstrandcamping.dk\/de\/golfurlaub\/","url":"https:\/\/ulslevstrandcamping.dk\/de\/golfurlaub\/","name":"Golfurlaub Falster | Campingurlaub mit tollen Golfm\u00f6glichkeiten - Golfunterk\u00fcnfte","isPartOf":{"@id":"https:\/\/ulslevstrandcamping.dk\/de\/#website"},"datePublished":"2018-07-03T07:29:19+00:00","dateModified":"2025-10-28T12:24:19+00:00","description":"Weniger als 10 Kilometer vom Campingplatz entfernt finden Sie die Golfpl\u00e4tze. Alle Pl\u00e4tze liegen in einer wundersch\u00f6nen Natur. Alle Pl\u00e4tze bieten die M\u00f6glichkeit des Pay and Play. Lesen Sie hier mehr.","breadcrumb":{"@id":"https:\/\/ulslevstrandcamping.dk\/de\/golfurlaub\/#breadcrumb"},"inLanguage":"da-DK","potentialAction":[{"@type":"ReadAction","target":["https:\/\/ulslevstrandcamping.dk\/de\/golfurlaub\/"]}]},{"@type":"BreadcrumbList","@id":"https:\/\/ulslevstrandcamping.dk\/de\/golfurlaub\/#breadcrumb","itemListElement":[{"@type":"ListItem","position":1,"name":"Hjem","item":"https:\/\/ulslevstrandcamping.dk\/de\/"},{"@type":"ListItem","position":2,"name":"Golfurlaub"}]},{"@type":"WebSite","@id":"https:\/\/ulslevstrandcamping.dk\/de\/#website","url":"https:\/\/ulslevstrandcamping.dk\/de\/","name":"DE Ulslevstrandcamping.dk","description":"","potentialAction":[{"@type":"SearchAction","target":{"@type":"EntryPoint","urlTemplate":"https:\/\/ulslevstrandcamping.dk\/de\/?s={search_term_string}"},"query-input":{"@type":"PropertyValueSpecification","valueRequired":true,"valueName":"search_term_string"}}],"inLanguage":"da-DK"}]}},"_links":{"self":[{"href":"https:\/\/ulslevstrandcamping.dk\/de\/wp-json\/wp\/v2\/pages\/447","targetHints":{"allow":["GET"]}}],"collection":[{"href":"https:\/\/ulslevstrandcamping.dk\/de\/wp-json\/wp\/v2\/pages"}],"about":[{"href":"https:\/\/ulslevstrandcamping.dk\/de\/wp-json\/wp\/v2\/types\/page"}],"author":[{"embeddable":true,"href":"https:\/\/ulslevstrandcamping.dk\/de\/wp-json\/wp\/v2\/users\/1"}],"replies":[{"embeddable":true,"href":"https:\/\/ulslevstrandcamping.dk\/de\/wp-json\/wp\/v2\/comments?post=447"}],"version-history":[{"count":15,"href":"https:\/\/ulslevstrandcamping.dk\/de\/wp-json\/wp\/v2\/pages\/447\/revisions"}],"predecessor-version":[{"id":2903,"href":"https:\/\/ulslevstrandcamping.dk\/de\/wp-json\/wp\/v2\/pages\/447\/revisions\/2903"}],"wp:attachment":[{"href":"https:\/\/ulslevstrandcamping.dk\/de\/wp-json\/wp\/v2\/media?parent=447"}],"curies":[{"name":"wp","href":"https:\/\/api.w.org\/{rel}","templated":true}]}}