{"id":482,"date":"2018-07-03T07:52:07","date_gmt":"2018-07-03T07:52:07","guid":{"rendered":"http:\/\/ulslevstrandcamping.dk.linux102.curanetserver.dk\/?page_id=482"},"modified":"2025-10-28T13:25:35","modified_gmt":"2025-10-28T12:25:35","slug":"strande-und-umgebung","status":"publish","type":"page","link":"https:\/\/ulslevstrandcamping.dk\/de\/strande-und-umgebung\/","title":{"rendered":"Str\u00e4nde und Umgebung"},"content":{"rendered":"","protected":false},"excerpt":{"rendered":"","protected":false},"author":1,"featured_media":0,"parent":0,"menu_order":0,"comment_status":"closed","ping_status":"closed","template":"","meta":{"_acf_changed":false,"footnotes":""},"class_list":["post-482","page","type-page","status-publish","hentry"],"acf":[],"yoast_head":"<!-- This site is optimized with the Yoast SEO plugin v23.9 - https:\/\/yoast.com\/wordpress\/plugins\/seo\/ -->\n<title>Str\u00e4nde und Umgebung | Die sch\u00f6nsten und kinderfreundlichsten Sandstr\u00e4nde von Falster<\/title>\n<meta name=\"description\" content=\"Die Aktivit\u00e4ten am Strand reichen von Sonnenbaden und Entspannen bis hin zu Windsurfen und Beachvolleyball. Der Strand wird auch von vielen zum Spazierengehen und Joggen genutzt.\" \/>\n<meta name=\"robots\" content=\"index, follow, max-snippet:-1, max-image-preview:large, max-video-preview:-1\" \/>\n<link rel=\"canonical\" href=\"https:\/\/ulslevstrandcamping.dk\/de\/strande-und-umgebung\/\" \/>\n<meta property=\"og:locale\" content=\"da_DK\" \/>\n<meta property=\"og:type\" content=\"article\" \/>\n<meta property=\"og:title\" content=\"Str\u00e4nde und Umgebung | Die sch\u00f6nsten und kinderfreundlichsten Sandstr\u00e4nde von Falster\" \/>\n<meta property=\"og:description\" content=\"Die Aktivit\u00e4ten am Strand reichen von Sonnenbaden und Entspannen bis hin zu Windsurfen und Beachvolleyball. Der Strand wird auch von vielen zum Spazierengehen und Joggen genutzt.\" \/>\n<meta property=\"og:url\" content=\"https:\/\/ulslevstrandcamping.dk\/de\/strande-und-umgebung\/\" \/>\n<meta property=\"og:site_name\" content=\"DE Ulslevstrandcamping.dk\" \/>\n<meta property=\"article:modified_time\" content=\"2025-10-28T12:25:35+00:00\" \/>\n<meta name=\"twitter:card\" content=\"summary_large_image\" \/>\n<meta name=\"twitter:label1\" content=\"Estimeret l\u00e6setid\" \/>\n\t<meta name=\"twitter:data1\" content=\"2 minutter\" \/>\n<!-- \/ Yoast SEO plugin. -->","yoast_head_json":{"title":"Str\u00e4nde und Umgebung | Die sch\u00f6nsten und kinderfreundlichsten Sandstr\u00e4nde von Falster","description":"Die Aktivit\u00e4ten am Strand reichen von Sonnenbaden und Entspannen bis hin zu Windsurfen und Beachvolleyball. Der Strand wird auch von vielen zum Spazierengehen und Joggen genutzt.","robots":{"index":"index","follow":"follow","max-snippet":"max-snippet:-1","max-image-preview":"max-image-preview:large","max-video-preview":"max-video-preview:-1"},"canonical":"https:\/\/ulslevstrandcamping.dk\/de\/strande-und-umgebung\/","og_locale":"da_DK","og_type":"article","og_title":"Str\u00e4nde und Umgebung | Die sch\u00f6nsten und kinderfreundlichsten Sandstr\u00e4nde von Falster","og_description":"Die Aktivit\u00e4ten am Strand reichen von Sonnenbaden und Entspannen bis hin zu Windsurfen und Beachvolleyball. Der Strand wird auch von vielen zum Spazierengehen und Joggen genutzt.","og_url":"https:\/\/ulslevstrandcamping.dk\/de\/strande-und-umgebung\/","og_site_name":"DE Ulslevstrandcamping.dk","article_modified_time":"2025-10-28T12:25:35+00:00","twitter_card":"summary_large_image","twitter_misc":{"Estimeret l\u00e6setid":"2 minutter"},"schema":{"@context":"https:\/\/schema.org","@graph":[{"@type":"WebPage","@id":"https:\/\/ulslevstrandcamping.dk\/de\/strande-und-umgebung\/","url":"https:\/\/ulslevstrandcamping.dk\/de\/strande-und-umgebung\/","name":"Str\u00e4nde und Umgebung | Die sch\u00f6nsten und kinderfreundlichsten Sandstr\u00e4nde von Falster","isPartOf":{"@id":"https:\/\/ulslevstrandcamping.dk\/de\/#website"},"datePublished":"2018-07-03T07:52:07+00:00","dateModified":"2025-10-28T12:25:35+00:00","description":"Die Aktivit\u00e4ten am Strand reichen von Sonnenbaden und Entspannen bis hin zu Windsurfen und Beachvolleyball. Der Strand wird auch von vielen zum Spazierengehen und Joggen genutzt.","breadcrumb":{"@id":"https:\/\/ulslevstrandcamping.dk\/de\/strande-und-umgebung\/#breadcrumb"},"inLanguage":"da-DK","potentialAction":[{"@type":"ReadAction","target":["https:\/\/ulslevstrandcamping.dk\/de\/strande-und-umgebung\/"]}]},{"@type":"BreadcrumbList","@id":"https:\/\/ulslevstrandcamping.dk\/de\/strande-und-umgebung\/#breadcrumb","itemListElement":[{"@type":"ListItem","position":1,"name":"Hjem","item":"https:\/\/ulslevstrandcamping.dk\/de\/"},{"@type":"ListItem","position":2,"name":"Str\u00e4nde und Umgebung"}]},{"@type":"WebSite","@id":"https:\/\/ulslevstrandcamping.dk\/de\/#website","url":"https:\/\/ulslevstrandcamping.dk\/de\/","name":"DE Ulslevstrandcamping.dk","description":"","potentialAction":[{"@type":"SearchAction","target":{"@type":"EntryPoint","urlTemplate":"https:\/\/ulslevstrandcamping.dk\/de\/?s={search_term_string}"},"query-input":{"@type":"PropertyValueSpecification","valueRequired":true,"valueName":"search_term_string"}}],"inLanguage":"da-DK"}]}},"_links":{"self":[{"href":"https:\/\/ulslevstrandcamping.dk\/de\/wp-json\/wp\/v2\/pages\/482","targetHints":{"allow":["GET"]}}],"collection":[{"href":"https:\/\/ulslevstrandcamping.dk\/de\/wp-json\/wp\/v2\/pages"}],"about":[{"href":"https:\/\/ulslevstrandcamping.dk\/de\/wp-json\/wp\/v2\/types\/page"}],"author":[{"embeddable":true,"href":"https:\/\/ulslevstrandcamping.dk\/de\/wp-json\/wp\/v2\/users\/1"}],"replies":[{"embeddable":true,"href":"https:\/\/ulslevstrandcamping.dk\/de\/wp-json\/wp\/v2\/comments?post=482"}],"version-history":[{"count":16,"href":"https:\/\/ulslevstrandcamping.dk\/de\/wp-json\/wp\/v2\/pages\/482\/revisions"}],"predecessor-version":[{"id":2906,"href":"https:\/\/ulslevstrandcamping.dk\/de\/wp-json\/wp\/v2\/pages\/482\/revisions\/2906"}],"wp:attachment":[{"href":"https:\/\/ulslevstrandcamping.dk\/de\/wp-json\/wp\/v2\/media?parent=482"}],"curies":[{"name":"wp","href":"https:\/\/api.w.org\/{rel}","templated":true}]}}