{"id":496,"date":"2018-07-03T08:08:25","date_gmt":"2018-07-03T08:08:25","guid":{"rendered":"http:\/\/ulslevstrandcamping.dk.linux102.curanetserver.dk\/?page_id=496"},"modified":"2025-10-28T13:23:49","modified_gmt":"2025-10-28T12:23:49","slug":"laden-sie","status":"publish","type":"page","link":"https:\/\/ulslevstrandcamping.dk\/de\/laden-sie\/","title":{"rendered":"Laden Sie"},"content":{"rendered":"<p><a href=\"\/campingpladser-paa-lolland-falster\">Viel Sonne und Sand zwischen den ZehenGenie\u00dfen Sie Ihren n\u00e4chsten Familienurlaub auf Ulslev StrandcampingLesen Sie mehr<\/a><\/p>\n<h1>Das Gesch\u00e4ft<\/h1>\n<p>Gro\u00dfer, gut sortierter Minimarkt mit einer gro\u00dfen Auswahl an frisch gebackenem Brot, frischem Fleisch und Grillpaketen, frischem Gem\u00fcse, Bier, Wasser und allen \u00fcblichen Lebensmitteln sowie guten Weinen und etwas f\u00fcr den s\u00fc\u00dfen Gaumen. Spezialit\u00e4tenabteilung mit einer gro\u00dfen Auswahl an Campingausr\u00fcstung. Das Angebot umfasst Campingtische und -st\u00fchle, Kleiderschr\u00e4nke, Gaskocher und -grills, Trockengestelle, Betten und Zubeh\u00f6r, Antennen und vieles mehr. Wir wagen zu versprechen, dass wir die meisten Notf\u00e4lle vor Ort abdecken k\u00f6nnen.<\/p>\n<h2>\u00d6ffnungszeiten im Laden\/Rezeption<\/h2>\n<p>Siehe Aushang im Laden<br \/>\n(wir haben jeden Tag zwischen 12 und 14 Uhr geschlossen)<\/p>\n<p>Die Einfahrt zum Parkplatz ist ab 14 Uhr m\u00f6glich, und der Parkplatz muss vor 12 Uhr ger\u00e4umt sein, sofern nichts anderes vereinbart wurde.<br \/>\nWenn Sie ankommen, wenn der Laden\/die Rezeption geschlossen ist, k\u00f6nnen Sie die T\u00fcrsprechanlage rechts neben der Ladent\u00fcr benutzen, um mit uns in Kontakt zu treten. Wir bitten Sie um R\u00fccksichtnahme w\u00e4hrend unserer Essenspause zwischen 12 und 14 Uhr.<\/p>\n<blockquote><p>Genie\u00dfen Sie eine zus\u00e4tzliche Stunde am Strand. Sparen Sie sich den Einkaufsbummel &#8211; unser Mini-Markt hat alles, was Sie f\u00fcr Ihren Urlaub brauchen!<\/p><\/blockquote>\n<form id=\"gform_1\" action=\"\/wp-admin\/admin-ajax.php\" enctype=\"multipart\/form-data\" method=\"post\" novalidate=\"\"><input class=\"gform_hidden\" name=\"is_submit_1\" type=\"hidden\" value=\"1\" \/><\/form>\n","protected":false},"excerpt":{"rendered":"<p>Viel Sonne und Sand zwischen den ZehenGenie\u00dfen Sie Ihren n\u00e4chsten Familienurlaub auf Ulslev StrandcampingLesen Sie mehr Das Gesch\u00e4ft Gro\u00dfer, gut&#8230;<\/p>\n","protected":false},"author":1,"featured_media":0,"parent":0,"menu_order":0,"comment_status":"closed","ping_status":"closed","template":"","meta":{"_acf_changed":false,"footnotes":""},"class_list":["post-496","page","type-page","status-publish","hentry"],"acf":[],"yoast_head":"<!-- This site is optimized with the Yoast SEO plugin v23.9 - https:\/\/yoast.com\/wordpress\/plugins\/seo\/ -->\n<title>Gesch\u00e4ft | Minimarkt | Campingausr\u00fcstung | Ulslev Strandcamping | Falster<\/title>\n<meta name=\"description\" content=\"Genie\u00dfen Sie eine zus\u00e4tzliche Stunde am Strand. Sparen Sie sich den Einkaufsbummel - unser Minimarkt hat alles, was Sie f\u00fcr Ihren Urlaub brauchen! Gro\u00dfer, gut sortierter Minimarkt mit gro\u00dfer Auswahl.\" \/>\n<meta name=\"robots\" content=\"index, follow, max-snippet:-1, max-image-preview:large, max-video-preview:-1\" \/>\n<link rel=\"canonical\" href=\"https:\/\/ulslevstrandcamping.dk\/de\/laden-sie\/\" \/>\n<meta property=\"og:locale\" content=\"da_DK\" \/>\n<meta property=\"og:type\" content=\"article\" \/>\n<meta property=\"og:title\" content=\"Gesch\u00e4ft | Minimarkt | Campingausr\u00fcstung | Ulslev Strandcamping | Falster\" \/>\n<meta property=\"og:description\" content=\"Genie\u00dfen Sie eine zus\u00e4tzliche Stunde am Strand. Sparen Sie sich den Einkaufsbummel - unser Minimarkt hat alles, was Sie f\u00fcr Ihren Urlaub brauchen! Gro\u00dfer, gut sortierter Minimarkt mit gro\u00dfer Auswahl.\" \/>\n<meta property=\"og:url\" content=\"https:\/\/ulslevstrandcamping.dk\/de\/laden-sie\/\" \/>\n<meta property=\"og:site_name\" content=\"DE Ulslevstrandcamping.dk\" \/>\n<meta property=\"article:modified_time\" content=\"2025-10-28T12:23:49+00:00\" \/>\n<meta name=\"twitter:card\" content=\"summary_large_image\" \/>\n<meta name=\"twitter:label1\" content=\"Estimeret l\u00e6setid\" \/>\n\t<meta name=\"twitter:data1\" content=\"3 minutter\" \/>\n<!-- \/ Yoast SEO plugin. -->","yoast_head_json":{"title":"Gesch\u00e4ft | Minimarkt | Campingausr\u00fcstung | Ulslev Strandcamping | Falster","description":"Genie\u00dfen Sie eine zus\u00e4tzliche Stunde am Strand. Sparen Sie sich den Einkaufsbummel - unser Minimarkt hat alles, was Sie f\u00fcr Ihren Urlaub brauchen! Gro\u00dfer, gut sortierter Minimarkt mit gro\u00dfer Auswahl.","robots":{"index":"index","follow":"follow","max-snippet":"max-snippet:-1","max-image-preview":"max-image-preview:large","max-video-preview":"max-video-preview:-1"},"canonical":"https:\/\/ulslevstrandcamping.dk\/de\/laden-sie\/","og_locale":"da_DK","og_type":"article","og_title":"Gesch\u00e4ft | Minimarkt | Campingausr\u00fcstung | Ulslev Strandcamping | Falster","og_description":"Genie\u00dfen Sie eine zus\u00e4tzliche Stunde am Strand. Sparen Sie sich den Einkaufsbummel - unser Minimarkt hat alles, was Sie f\u00fcr Ihren Urlaub brauchen! Gro\u00dfer, gut sortierter Minimarkt mit gro\u00dfer Auswahl.","og_url":"https:\/\/ulslevstrandcamping.dk\/de\/laden-sie\/","og_site_name":"DE Ulslevstrandcamping.dk","article_modified_time":"2025-10-28T12:23:49+00:00","twitter_card":"summary_large_image","twitter_misc":{"Estimeret l\u00e6setid":"3 minutter"},"schema":{"@context":"https:\/\/schema.org","@graph":[{"@type":"WebPage","@id":"https:\/\/ulslevstrandcamping.dk\/de\/laden-sie\/","url":"https:\/\/ulslevstrandcamping.dk\/de\/laden-sie\/","name":"Gesch\u00e4ft | Minimarkt | Campingausr\u00fcstung | Ulslev Strandcamping | Falster","isPartOf":{"@id":"https:\/\/ulslevstrandcamping.dk\/de\/#website"},"datePublished":"2018-07-03T08:08:25+00:00","dateModified":"2025-10-28T12:23:49+00:00","description":"Genie\u00dfen Sie eine zus\u00e4tzliche Stunde am Strand. Sparen Sie sich den Einkaufsbummel - unser Minimarkt hat alles, was Sie f\u00fcr Ihren Urlaub brauchen! Gro\u00dfer, gut sortierter Minimarkt mit gro\u00dfer Auswahl.","breadcrumb":{"@id":"https:\/\/ulslevstrandcamping.dk\/de\/laden-sie\/#breadcrumb"},"inLanguage":"da-DK","potentialAction":[{"@type":"ReadAction","target":["https:\/\/ulslevstrandcamping.dk\/de\/laden-sie\/"]}]},{"@type":"BreadcrumbList","@id":"https:\/\/ulslevstrandcamping.dk\/de\/laden-sie\/#breadcrumb","itemListElement":[{"@type":"ListItem","position":1,"name":"Hjem","item":"https:\/\/ulslevstrandcamping.dk\/de\/"},{"@type":"ListItem","position":2,"name":"Laden Sie"}]},{"@type":"WebSite","@id":"https:\/\/ulslevstrandcamping.dk\/de\/#website","url":"https:\/\/ulslevstrandcamping.dk\/de\/","name":"DE Ulslevstrandcamping.dk","description":"","potentialAction":[{"@type":"SearchAction","target":{"@type":"EntryPoint","urlTemplate":"https:\/\/ulslevstrandcamping.dk\/de\/?s={search_term_string}"},"query-input":{"@type":"PropertyValueSpecification","valueRequired":true,"valueName":"search_term_string"}}],"inLanguage":"da-DK"}]}},"_links":{"self":[{"href":"https:\/\/ulslevstrandcamping.dk\/de\/wp-json\/wp\/v2\/pages\/496","targetHints":{"allow":["GET"]}}],"collection":[{"href":"https:\/\/ulslevstrandcamping.dk\/de\/wp-json\/wp\/v2\/pages"}],"about":[{"href":"https:\/\/ulslevstrandcamping.dk\/de\/wp-json\/wp\/v2\/types\/page"}],"author":[{"embeddable":true,"href":"https:\/\/ulslevstrandcamping.dk\/de\/wp-json\/wp\/v2\/users\/1"}],"replies":[{"embeddable":true,"href":"https:\/\/ulslevstrandcamping.dk\/de\/wp-json\/wp\/v2\/comments?post=496"}],"version-history":[{"count":15,"href":"https:\/\/ulslevstrandcamping.dk\/de\/wp-json\/wp\/v2\/pages\/496\/revisions"}],"predecessor-version":[{"id":2902,"href":"https:\/\/ulslevstrandcamping.dk\/de\/wp-json\/wp\/v2\/pages\/496\/revisions\/2902"}],"wp:attachment":[{"href":"https:\/\/ulslevstrandcamping.dk\/de\/wp-json\/wp\/v2\/media?parent=496"}],"curies":[{"name":"wp","href":"https:\/\/api.w.org\/{rel}","templated":true}]}}