{"id":507,"date":"2018-07-03T08:17:46","date_gmt":"2018-07-03T08:17:46","guid":{"rendered":"http:\/\/ulslevstrandcamping.dk.linux102.curanetserver.dk\/?page_id=507"},"modified":"2025-10-28T13:25:13","modified_gmt":"2025-10-28T12:25:13","slug":"dienstleistungsgebaude","status":"publish","type":"page","link":"https:\/\/ulslevstrandcamping.dk\/de\/dienstleistungsgebaude\/","title":{"rendered":"Dienstleistungsgeb\u00e4ude"},"content":{"rendered":"<p>Auf Ulslev Strandcamping finden Sie alle modernen Einrichtungen, die Sie f\u00fcr Ihren Urlaub ben\u00f6tigen. Wir bem\u00fchen uns um einen hohen Standard bei der Reinigung und Hygiene.<\/p>\n<p>Die Einrichtungen befinden sich in zwei gro\u00dfen Geb\u00e4uden in der Mitte des Campingplatzes. In beiden Geb\u00e4uden befinden sich K\u00fcche, Toiletten und Duschen. Im s\u00fcdlichen Servicegeb\u00e4ude finden Sie au\u00dferdem sch\u00f6ne Familienduschr\u00e4ume, ein Kinderbecken und eine Sauna.<\/p>\n<p>Hier finden Sie<\/p>\n<ul>\n<li>K\u00fccheneinrichtungen<\/li>\n<li>Toilettenanlagen<\/li>\n<li>Badem\u00f6glichkeiten<\/li>\n<\/ul>\n<ul>\n<li>Kinderbad<\/li>\n<li>Sauna<\/li>\n<\/ul>\n<h2>Moderne Einrichtungen<\/h2>\n<p>Auf Ulslev Strandcamping finden Sie alle modernen Einrichtungen, die Sie f\u00fcr Ihren Urlaub ben\u00f6tigen. Die Einrichtungen sind in zwei gro\u00dfen Geb\u00e4uden in der Mitte des Campingplatzes untergebracht.<\/p>\n<p>Klicken Sie auf die Schaltfl\u00e4che unten, um die Karte des Campingplatzes zu sehen.<\/p>\n","protected":false},"excerpt":{"rendered":"<p>Auf Ulslev Strandcamping finden Sie alle modernen Einrichtungen, die Sie f\u00fcr Ihren Urlaub ben\u00f6tigen. Wir bem\u00fchen uns um einen hohen&#8230;<\/p>\n","protected":false},"author":1,"featured_media":0,"parent":0,"menu_order":0,"comment_status":"closed","ping_status":"closed","template":"","meta":{"_acf_changed":false,"footnotes":""},"class_list":["post-507","page","type-page","status-publish","hentry"],"acf":[],"yoast_head":"<!-- This site is optimized with the Yoast SEO plugin v23.9 - https:\/\/yoast.com\/wordpress\/plugins\/seo\/ -->\n<title>Dienstleistungsgeb\u00e4ude | Moderne Ausstattung | Hohe Reinigungsstandards<\/title>\n<meta name=\"description\" content=\"Die Einrichtungen befinden sich in zwei gro\u00dfen Geb\u00e4uden in der Mitte des Gel\u00e4ndes. Beide Geb\u00e4ude enthalten K\u00fcche, Toiletten und Duschen.\" \/>\n<meta name=\"robots\" content=\"index, follow, max-snippet:-1, max-image-preview:large, max-video-preview:-1\" \/>\n<link rel=\"canonical\" href=\"https:\/\/ulslevstrandcamping.dk\/de\/dienstleistungsgebaude\/\" \/>\n<meta property=\"og:locale\" content=\"da_DK\" \/>\n<meta property=\"og:type\" content=\"article\" \/>\n<meta property=\"og:title\" content=\"Dienstleistungsgeb\u00e4ude | Moderne Ausstattung | Hohe Reinigungsstandards\" \/>\n<meta property=\"og:description\" content=\"Die Einrichtungen befinden sich in zwei gro\u00dfen Geb\u00e4uden in der Mitte des Gel\u00e4ndes. Beide Geb\u00e4ude enthalten K\u00fcche, Toiletten und Duschen.\" \/>\n<meta property=\"og:url\" content=\"https:\/\/ulslevstrandcamping.dk\/de\/dienstleistungsgebaude\/\" \/>\n<meta property=\"og:site_name\" content=\"DE Ulslevstrandcamping.dk\" \/>\n<meta property=\"article:modified_time\" content=\"2025-10-28T12:25:13+00:00\" \/>\n<meta name=\"twitter:card\" content=\"summary_large_image\" \/>\n<meta name=\"twitter:label1\" content=\"Estimeret l\u00e6setid\" \/>\n\t<meta name=\"twitter:data1\" content=\"2 minutter\" \/>\n<!-- \/ Yoast SEO plugin. -->","yoast_head_json":{"title":"Dienstleistungsgeb\u00e4ude | Moderne Ausstattung | Hohe Reinigungsstandards","description":"Die Einrichtungen befinden sich in zwei gro\u00dfen Geb\u00e4uden in der Mitte des Gel\u00e4ndes. Beide Geb\u00e4ude enthalten K\u00fcche, Toiletten und Duschen.","robots":{"index":"index","follow":"follow","max-snippet":"max-snippet:-1","max-image-preview":"max-image-preview:large","max-video-preview":"max-video-preview:-1"},"canonical":"https:\/\/ulslevstrandcamping.dk\/de\/dienstleistungsgebaude\/","og_locale":"da_DK","og_type":"article","og_title":"Dienstleistungsgeb\u00e4ude | Moderne Ausstattung | Hohe Reinigungsstandards","og_description":"Die Einrichtungen befinden sich in zwei gro\u00dfen Geb\u00e4uden in der Mitte des Gel\u00e4ndes. Beide Geb\u00e4ude enthalten K\u00fcche, Toiletten und Duschen.","og_url":"https:\/\/ulslevstrandcamping.dk\/de\/dienstleistungsgebaude\/","og_site_name":"DE Ulslevstrandcamping.dk","article_modified_time":"2025-10-28T12:25:13+00:00","twitter_card":"summary_large_image","twitter_misc":{"Estimeret l\u00e6setid":"2 minutter"},"schema":{"@context":"https:\/\/schema.org","@graph":[{"@type":"WebPage","@id":"https:\/\/ulslevstrandcamping.dk\/de\/dienstleistungsgebaude\/","url":"https:\/\/ulslevstrandcamping.dk\/de\/dienstleistungsgebaude\/","name":"Dienstleistungsgeb\u00e4ude | Moderne Ausstattung | Hohe Reinigungsstandards","isPartOf":{"@id":"https:\/\/ulslevstrandcamping.dk\/de\/#website"},"datePublished":"2018-07-03T08:17:46+00:00","dateModified":"2025-10-28T12:25:13+00:00","description":"Die Einrichtungen befinden sich in zwei gro\u00dfen Geb\u00e4uden in der Mitte des Gel\u00e4ndes. Beide Geb\u00e4ude enthalten K\u00fcche, Toiletten und Duschen.","breadcrumb":{"@id":"https:\/\/ulslevstrandcamping.dk\/de\/dienstleistungsgebaude\/#breadcrumb"},"inLanguage":"da-DK","potentialAction":[{"@type":"ReadAction","target":["https:\/\/ulslevstrandcamping.dk\/de\/dienstleistungsgebaude\/"]}]},{"@type":"BreadcrumbList","@id":"https:\/\/ulslevstrandcamping.dk\/de\/dienstleistungsgebaude\/#breadcrumb","itemListElement":[{"@type":"ListItem","position":1,"name":"Hjem","item":"https:\/\/ulslevstrandcamping.dk\/de\/"},{"@type":"ListItem","position":2,"name":"Dienstleistungsgeb\u00e4ude"}]},{"@type":"WebSite","@id":"https:\/\/ulslevstrandcamping.dk\/de\/#website","url":"https:\/\/ulslevstrandcamping.dk\/de\/","name":"DE Ulslevstrandcamping.dk","description":"","potentialAction":[{"@type":"SearchAction","target":{"@type":"EntryPoint","urlTemplate":"https:\/\/ulslevstrandcamping.dk\/de\/?s={search_term_string}"},"query-input":{"@type":"PropertyValueSpecification","valueRequired":true,"valueName":"search_term_string"}}],"inLanguage":"da-DK"}]}},"_links":{"self":[{"href":"https:\/\/ulslevstrandcamping.dk\/de\/wp-json\/wp\/v2\/pages\/507","targetHints":{"allow":["GET"]}}],"collection":[{"href":"https:\/\/ulslevstrandcamping.dk\/de\/wp-json\/wp\/v2\/pages"}],"about":[{"href":"https:\/\/ulslevstrandcamping.dk\/de\/wp-json\/wp\/v2\/types\/page"}],"author":[{"embeddable":true,"href":"https:\/\/ulslevstrandcamping.dk\/de\/wp-json\/wp\/v2\/users\/1"}],"replies":[{"embeddable":true,"href":"https:\/\/ulslevstrandcamping.dk\/de\/wp-json\/wp\/v2\/comments?post=507"}],"version-history":[{"count":15,"href":"https:\/\/ulslevstrandcamping.dk\/de\/wp-json\/wp\/v2\/pages\/507\/revisions"}],"predecessor-version":[{"id":2905,"href":"https:\/\/ulslevstrandcamping.dk\/de\/wp-json\/wp\/v2\/pages\/507\/revisions\/2905"}],"wp:attachment":[{"href":"https:\/\/ulslevstrandcamping.dk\/de\/wp-json\/wp\/v2\/media?parent=507"}],"curies":[{"name":"wp","href":"https:\/\/api.w.org\/{rel}","templated":true}]}}