{"id":730,"date":"2018-07-03T12:23:01","date_gmt":"2018-07-03T11:23:01","guid":{"rendered":"http:\/\/ulslevstrandcamping.dk.linux102.curanetserver.dk\/?page_id=730"},"modified":"2025-10-28T16:21:46","modified_gmt":"2025-10-28T15:21:46","slug":"mietpreise","status":"publish","type":"page","link":"https:\/\/ulslevstrandcamping.dk\/de\/mietpreise\/","title":{"rendered":"Mietpreise"},"content":{"rendered":"<p>Viel Sonne und Sand zwischen den ZehenGenie\u00dfen Sie Ihren n\u00e4chsten Familienurlaub auf Ulslev StrandcampingLesen Sie mehr<\/p>\n<h1>Mietpreise<\/h1>\n<p>Die Preise sind Gesamtpreise inklusive Strom und der Anzahl der Personen, f\u00fcr die die Einheit gedacht ist. Alle Mieteinheiten haben eine Kaffeemaschine und das n\u00f6tige Geschirr und K\u00fcchenutensilien. Der Mieter ist f\u00fcr die t\u00e4gliche Reinigung verantwortlich. Eine Endreinigung ist nicht erforderlich. Bettdecken und Kopfkissen sind f\u00fcr die Anzahl der Personen, f\u00fcr die die Mieteinheit vorgesehen ist, vorhanden. Bringen Sie Bettw\u00e4sche, Handt\u00fccher, Geschirrt\u00fccher, Geschirrt\u00fccher und Reinigungsmittel mit.<\/p>\n<h2>Nebensaison<\/h2>\n<ul>\n<li>15. m\u00e4rz &#8211; 20. Juni und 10. August &#8211; 14. September<\/li>\n<\/ul>\n<ul>\n<li>Ausgenommen Feiertage, siehe Hochsaison.<\/li>\n<\/ul>\n<h2>Hochsaison<\/h2>\n<ul>\n<li>20. juni &#8211; 10. August<\/li>\n<\/ul>\n<ul>\n<li>Zus\u00e4tzlich: 16. April &#8211; 21. April, 28. Mai &#8211; 1. Juni und 6. Juni &#8211; 9. Juni<\/li>\n<\/ul>\n<h2>Mietpreise 2025<\/h2>\n<p>Bei der Anmietung von Wohnwagen, H\u00fctten und Ferienh\u00e4usern ist bei der Buchung eine Anzahlung von 25 % des Mietpreises zu leisten. Bei einer Stornierung sp\u00e4testens 14 Tage vor Mietbeginn wird die gezahlte Miete abz\u00fcglich 300 DKK zur\u00fcckerstattet. Bei einer Stornierung sp\u00e4ter als 14 Tage vor Beginn des Mietzeitraums wird keine Erstattung vorgenommen. Der Buchstabe in Klammern gibt an, ob der Preis f\u00fcr die Hoch- oder Nebensaison gilt. (H) steht f\u00fcr Hochsaison und (L) steht f\u00fcr Nebensaison.<\/p>\n<p>Nebensaison<\/p>\n<p>Hochsaison<\/p>\n<p>Ferienhaus pro Woche<\/p>\n<p>dKK 5.600,00 (L)<\/p>\n<p>dKK 6.700,00 (H)<\/p>\n<p>Ferienhaus pro Tag<\/p>\n<p>dKK 875,00 (L)<\/p>\n<p>dKK 975,00 (H)<\/p>\n<p>Kabine pro Woche<\/p>\n<p>dKK 3.600,00 (L)<\/p>\n<p>dKK 4.300,00 (H)<\/p>\n<p>Kabine pro Tag<\/p>\n<p>dKK 550,00 (L)<\/p>\n<p>dKK 650,00 (H)<\/p>\n<p>Wohnwagen pro Woche<\/p>\n<p>dKK 4.725,00 (L)<\/p>\n<p>dKK 5.425,00 (H)<\/p>\n<p>Wohnwagen pro Tag<\/p>\n<p>Umweltgeb\u00fchr pro Tag<\/p>\n<p>dKK 675,00 (L)<\/p>\n<p>dKK 15,00 (L)<\/p>\n<p>kr. 775,00 (H)<\/p>\n<p>kr. 15,00 (H)<\/p>\n<p><strong>OSTERANGEBOT<\/strong>: Mieten Sie eine H\u00fctte von Gr\u00fcndonnerstag bis Ostersonntag<\/p>\n<p>dKK 2.000,00 (H)<\/p>\n<p><strong>Pfingstangebot<\/strong>: Mieten Sie eine H\u00fctte von Freitag bis Montag<\/p>\n<p>dKK 1.750,00 (H)<\/p>\n<p><strong>MINIDAY<\/strong>: Mieten Sie eine H\u00fctte in der Nebensaison von Sonntag bis Donnerstag*.<\/p>\n<p>dKK 1.750,00 (L)<\/p>\n<p>Endreinigung von H\u00fctten und Wohnwagen<\/p>\n<p>dKK 450,00 (L)<\/p>\n<p>Endreinigung von Ferienh\u00e4usern<\/p>\n<p>dKK 700,00<\/p>\n<p>Bettw\u00e4sche mieten<\/p>\n<p>kr. 75,00<\/p>\n<p>*Gilt nicht f\u00fcr Feiertage<\/p>\n","protected":false},"excerpt":{"rendered":"<p>Viel Sonne und Sand zwischen den ZehenGenie\u00dfen Sie Ihren n\u00e4chsten Familienurlaub auf Ulslev StrandcampingLesen Sie mehr Mietpreise Die Preise sind&#8230;<\/p>\n","protected":false},"author":1,"featured_media":0,"parent":0,"menu_order":0,"comment_status":"closed","ping_status":"closed","template":"","meta":{"_acf_changed":false,"footnotes":""},"class_list":["post-730","page","type-page","status-publish","hentry"],"acf":[],"yoast_head":"<!-- This site is optimized with the Yoast SEO plugin v23.9 - https:\/\/yoast.com\/wordpress\/plugins\/seo\/ -->\n<title>Mietpreise | Kaution 25 % des Mietpreises | Ulslev Strandcamping<\/title>\n<meta name=\"description\" content=\"Die Preise sind Gesamtpreise einschlie\u00dflich Strom und der Personen, f\u00fcr die die Wohnung bestimmt ist. Der Mieter ist f\u00fcr die t\u00e4gliche Reinigung verantwortlich. Auf die Endreinigung kann verzichtet werden.\" \/>\n<meta name=\"robots\" content=\"index, follow, max-snippet:-1, max-image-preview:large, max-video-preview:-1\" \/>\n<link rel=\"canonical\" href=\"https:\/\/ulslevstrandcamping.dk\/de\/mietpreise\/\" \/>\n<meta property=\"og:locale\" content=\"da_DK\" \/>\n<meta property=\"og:type\" content=\"article\" \/>\n<meta property=\"og:title\" content=\"Mietpreise | Kaution 25 % des Mietpreises | Ulslev Strandcamping\" \/>\n<meta property=\"og:description\" content=\"Die Preise sind Gesamtpreise einschlie\u00dflich Strom und der Personen, f\u00fcr die die Wohnung bestimmt ist. Der Mieter ist f\u00fcr die t\u00e4gliche Reinigung verantwortlich. Auf die Endreinigung kann verzichtet werden.\" \/>\n<meta property=\"og:url\" content=\"https:\/\/ulslevstrandcamping.dk\/de\/mietpreise\/\" \/>\n<meta property=\"og:site_name\" content=\"DE Ulslevstrandcamping.dk\" \/>\n<meta property=\"article:modified_time\" content=\"2025-10-28T15:21:46+00:00\" \/>\n<meta name=\"twitter:card\" content=\"summary_large_image\" \/>\n<meta name=\"twitter:label1\" content=\"Estimeret l\u00e6setid\" \/>\n\t<meta name=\"twitter:data1\" content=\"5 minutter\" \/>\n<!-- \/ Yoast SEO plugin. -->","yoast_head_json":{"title":"Mietpreise | Kaution 25 % des Mietpreises | Ulslev Strandcamping","description":"Die Preise sind Gesamtpreise einschlie\u00dflich Strom und der Personen, f\u00fcr die die Wohnung bestimmt ist. Der Mieter ist f\u00fcr die t\u00e4gliche Reinigung verantwortlich. Auf die Endreinigung kann verzichtet werden.","robots":{"index":"index","follow":"follow","max-snippet":"max-snippet:-1","max-image-preview":"max-image-preview:large","max-video-preview":"max-video-preview:-1"},"canonical":"https:\/\/ulslevstrandcamping.dk\/de\/mietpreise\/","og_locale":"da_DK","og_type":"article","og_title":"Mietpreise | Kaution 25 % des Mietpreises | Ulslev Strandcamping","og_description":"Die Preise sind Gesamtpreise einschlie\u00dflich Strom und der Personen, f\u00fcr die die Wohnung bestimmt ist. Der Mieter ist f\u00fcr die t\u00e4gliche Reinigung verantwortlich. Auf die Endreinigung kann verzichtet werden.","og_url":"https:\/\/ulslevstrandcamping.dk\/de\/mietpreise\/","og_site_name":"DE Ulslevstrandcamping.dk","article_modified_time":"2025-10-28T15:21:46+00:00","twitter_card":"summary_large_image","twitter_misc":{"Estimeret l\u00e6setid":"5 minutter"},"schema":{"@context":"https:\/\/schema.org","@graph":[{"@type":"WebPage","@id":"https:\/\/ulslevstrandcamping.dk\/de\/mietpreise\/","url":"https:\/\/ulslevstrandcamping.dk\/de\/mietpreise\/","name":"Mietpreise | Kaution 25 % des Mietpreises | Ulslev Strandcamping","isPartOf":{"@id":"https:\/\/ulslevstrandcamping.dk\/de\/#website"},"datePublished":"2018-07-03T11:23:01+00:00","dateModified":"2025-10-28T15:21:46+00:00","description":"Die Preise sind Gesamtpreise einschlie\u00dflich Strom und der Personen, f\u00fcr die die Wohnung bestimmt ist. Der Mieter ist f\u00fcr die t\u00e4gliche Reinigung verantwortlich. Auf die Endreinigung kann verzichtet werden.","breadcrumb":{"@id":"https:\/\/ulslevstrandcamping.dk\/de\/mietpreise\/#breadcrumb"},"inLanguage":"da-DK","potentialAction":[{"@type":"ReadAction","target":["https:\/\/ulslevstrandcamping.dk\/de\/mietpreise\/"]}]},{"@type":"BreadcrumbList","@id":"https:\/\/ulslevstrandcamping.dk\/de\/mietpreise\/#breadcrumb","itemListElement":[{"@type":"ListItem","position":1,"name":"Hjem","item":"https:\/\/ulslevstrandcamping.dk\/de\/"},{"@type":"ListItem","position":2,"name":"Mietpreise"}]},{"@type":"WebSite","@id":"https:\/\/ulslevstrandcamping.dk\/de\/#website","url":"https:\/\/ulslevstrandcamping.dk\/de\/","name":"DE Ulslevstrandcamping.dk","description":"","potentialAction":[{"@type":"SearchAction","target":{"@type":"EntryPoint","urlTemplate":"https:\/\/ulslevstrandcamping.dk\/de\/?s={search_term_string}"},"query-input":{"@type":"PropertyValueSpecification","valueRequired":true,"valueName":"search_term_string"}}],"inLanguage":"da-DK"}]}},"_links":{"self":[{"href":"https:\/\/ulslevstrandcamping.dk\/de\/wp-json\/wp\/v2\/pages\/730","targetHints":{"allow":["GET"]}}],"collection":[{"href":"https:\/\/ulslevstrandcamping.dk\/de\/wp-json\/wp\/v2\/pages"}],"about":[{"href":"https:\/\/ulslevstrandcamping.dk\/de\/wp-json\/wp\/v2\/types\/page"}],"author":[{"embeddable":true,"href":"https:\/\/ulslevstrandcamping.dk\/de\/wp-json\/wp\/v2\/users\/1"}],"replies":[{"embeddable":true,"href":"https:\/\/ulslevstrandcamping.dk\/de\/wp-json\/wp\/v2\/comments?post=730"}],"version-history":[{"count":16,"href":"https:\/\/ulslevstrandcamping.dk\/de\/wp-json\/wp\/v2\/pages\/730\/revisions"}],"predecessor-version":[{"id":2918,"href":"https:\/\/ulslevstrandcamping.dk\/de\/wp-json\/wp\/v2\/pages\/730\/revisions\/2918"}],"wp:attachment":[{"href":"https:\/\/ulslevstrandcamping.dk\/de\/wp-json\/wp\/v2\/media?parent=730"}],"curies":[{"name":"wp","href":"https:\/\/api.w.org\/{rel}","templated":true}]}}