{"id":744,"date":"2018-07-03T12:38:25","date_gmt":"2018-07-03T12:38:25","guid":{"rendered":"http:\/\/ulslevstrandcamping.dk.linux102.curanetserver.dk\/?page_id=744"},"modified":"2025-10-28T13:29:48","modified_gmt":"2025-10-28T12:29:48","slug":"meine-aktivitaten","status":"publish","type":"page","link":"https:\/\/ulslevstrandcamping.dk\/de\/meine-aktivitaten\/","title":{"rendered":"Meine Aktivit\u00e4ten"},"content":{"rendered":"<p>Viel Sonne und Sand zwischen den ZehenGenie\u00dfen Sie Ihren n\u00e4chsten Familienurlaub auf Ulslev StrandcampingLesen Sie mehr<\/p>\n<p>Das Beste an einem tollen Urlaub auf Ulslev Strandcamping sind die vielen M\u00f6glichkeiten, neue Spielkameraden und Freunde zu finden. Neben dem sch\u00f6nen, kinderfreundlichen Sandstrand sind einige der Treffpunkte das 6.000 m2 gro\u00dfe Aktivit\u00e4tsgel\u00e4nde oder der Spielplatz f\u00fcr kleinere Kinder vor dem Caf\u00e9. Auf dem Aktivit\u00e4tsgel\u00e4nde kann man Fu\u00dfball, Volleyball, Basketball, Hockey und vieles mehr spielen. Der Spielplatz ist mit Spielger\u00e4ten, Sandk\u00e4sten, Schaukeln und einem Kletterger\u00fcst ausgestattet. Nat\u00fcrlich haben wir auch die allseits beliebte H\u00fcpfburg und zwei Trampoline.<\/p>\n<p>Sollte ein einzelner Regenschauer Ihre Aktivit\u00e4ten im Freien unterbrechen, k\u00f6nnen Sie im Fernseh- und Aufenthaltsraum eine Partie Billard oder Tischtennis spielen.<br \/>\nWir haben den Rahmen f\u00fcr einen wunderbaren Urlaub f\u00fcr Kinder und spielfreudige Erwachsene &#8211; der Rest liegt bei Ihnen..<\/p>\n<h2>Ein echter Urlaub in Dur und Moll<\/h2>\n<p>Wenn das Wetter und der Wind mitspielen, k\u00f6nnen Sie abends an den gut ausgestatteten Lagerfeuerpl\u00e4tzen am Strand gem\u00fctliche Lagerfeuer machen. Wir haben hier im Laufe der Jahre eine Menge Spritzgeb\u00e4ck gebacken und eine Menge seltsamer Akkorde auf der Gitarre gezupft.<\/p>\n<h3>Werfen Sie einen Blick in unsere Galerie<\/h3>\n","protected":false},"excerpt":{"rendered":"<p>Viel Sonne und Sand zwischen den ZehenGenie\u00dfen Sie Ihren n\u00e4chsten Familienurlaub auf Ulslev StrandcampingLesen Sie mehr Das Beste an einem&#8230;<\/p>\n","protected":false},"author":1,"featured_media":0,"parent":0,"menu_order":0,"comment_status":"closed","ping_status":"closed","template":"","meta":{"_acf_changed":false,"footnotes":""},"class_list":["post-744","page","type-page","status-publish","hentry"],"acf":[],"yoast_head":"<!-- This site is optimized with the Yoast SEO plugin v23.9 - https:\/\/yoast.com\/wordpress\/plugins\/seo\/ -->\n<title>Aktivit\u00e4ten | Fu\u00dfball, Volleyball, Basketball, Hockey | Ulslev StrandCamping<\/title>\n<meta name=\"description\" content=\"Im Aktivit\u00e4tsbereich des Ulslev Strandcampings k\u00f6nnen Sie Fu\u00dfball, Volleyball, Basketball, Hockey und mehr spielen. Der Spielplatz ist auch mit Spielger\u00e4ten ausgestattet.\" \/>\n<meta name=\"robots\" content=\"index, follow, max-snippet:-1, max-image-preview:large, max-video-preview:-1\" \/>\n<link rel=\"canonical\" href=\"https:\/\/ulslevstrandcamping.dk\/de\/meine-aktivitaten\/\" \/>\n<meta property=\"og:locale\" content=\"da_DK\" \/>\n<meta property=\"og:type\" content=\"article\" \/>\n<meta property=\"og:title\" content=\"Aktivit\u00e4ten | Fu\u00dfball, Volleyball, Basketball, Hockey | Ulslev StrandCamping\" \/>\n<meta property=\"og:description\" content=\"Im Aktivit\u00e4tsbereich des Ulslev Strandcampings k\u00f6nnen Sie Fu\u00dfball, Volleyball, Basketball, Hockey und mehr spielen. Der Spielplatz ist auch mit Spielger\u00e4ten ausgestattet.\" \/>\n<meta property=\"og:url\" content=\"https:\/\/ulslevstrandcamping.dk\/de\/meine-aktivitaten\/\" \/>\n<meta property=\"og:site_name\" content=\"DE Ulslevstrandcamping.dk\" \/>\n<meta property=\"article:modified_time\" content=\"2025-10-28T12:29:48+00:00\" \/>\n<meta name=\"twitter:card\" content=\"summary_large_image\" \/>\n<meta name=\"twitter:label1\" content=\"Estimeret l\u00e6setid\" \/>\n\t<meta name=\"twitter:data1\" content=\"2 minutter\" \/>\n<!-- \/ Yoast SEO plugin. -->","yoast_head_json":{"title":"Aktivit\u00e4ten | Fu\u00dfball, Volleyball, Basketball, Hockey | Ulslev StrandCamping","description":"Im Aktivit\u00e4tsbereich des Ulslev Strandcampings k\u00f6nnen Sie Fu\u00dfball, Volleyball, Basketball, Hockey und mehr spielen. Der Spielplatz ist auch mit Spielger\u00e4ten ausgestattet.","robots":{"index":"index","follow":"follow","max-snippet":"max-snippet:-1","max-image-preview":"max-image-preview:large","max-video-preview":"max-video-preview:-1"},"canonical":"https:\/\/ulslevstrandcamping.dk\/de\/meine-aktivitaten\/","og_locale":"da_DK","og_type":"article","og_title":"Aktivit\u00e4ten | Fu\u00dfball, Volleyball, Basketball, Hockey | Ulslev StrandCamping","og_description":"Im Aktivit\u00e4tsbereich des Ulslev Strandcampings k\u00f6nnen Sie Fu\u00dfball, Volleyball, Basketball, Hockey und mehr spielen. Der Spielplatz ist auch mit Spielger\u00e4ten ausgestattet.","og_url":"https:\/\/ulslevstrandcamping.dk\/de\/meine-aktivitaten\/","og_site_name":"DE Ulslevstrandcamping.dk","article_modified_time":"2025-10-28T12:29:48+00:00","twitter_card":"summary_large_image","twitter_misc":{"Estimeret l\u00e6setid":"2 minutter"},"schema":{"@context":"https:\/\/schema.org","@graph":[{"@type":"WebPage","@id":"https:\/\/ulslevstrandcamping.dk\/de\/meine-aktivitaten\/","url":"https:\/\/ulslevstrandcamping.dk\/de\/meine-aktivitaten\/","name":"Aktivit\u00e4ten | Fu\u00dfball, Volleyball, Basketball, Hockey | Ulslev StrandCamping","isPartOf":{"@id":"https:\/\/ulslevstrandcamping.dk\/de\/#website"},"datePublished":"2018-07-03T12:38:25+00:00","dateModified":"2025-10-28T12:29:48+00:00","description":"Im Aktivit\u00e4tsbereich des Ulslev Strandcampings k\u00f6nnen Sie Fu\u00dfball, Volleyball, Basketball, Hockey und mehr spielen. Der Spielplatz ist auch mit Spielger\u00e4ten ausgestattet.","breadcrumb":{"@id":"https:\/\/ulslevstrandcamping.dk\/de\/meine-aktivitaten\/#breadcrumb"},"inLanguage":"da-DK","potentialAction":[{"@type":"ReadAction","target":["https:\/\/ulslevstrandcamping.dk\/de\/meine-aktivitaten\/"]}]},{"@type":"BreadcrumbList","@id":"https:\/\/ulslevstrandcamping.dk\/de\/meine-aktivitaten\/#breadcrumb","itemListElement":[{"@type":"ListItem","position":1,"name":"Hjem","item":"https:\/\/ulslevstrandcamping.dk\/de\/"},{"@type":"ListItem","position":2,"name":"Meine Aktivit\u00e4ten"}]},{"@type":"WebSite","@id":"https:\/\/ulslevstrandcamping.dk\/de\/#website","url":"https:\/\/ulslevstrandcamping.dk\/de\/","name":"DE Ulslevstrandcamping.dk","description":"","potentialAction":[{"@type":"SearchAction","target":{"@type":"EntryPoint","urlTemplate":"https:\/\/ulslevstrandcamping.dk\/de\/?s={search_term_string}"},"query-input":{"@type":"PropertyValueSpecification","valueRequired":true,"valueName":"search_term_string"}}],"inLanguage":"da-DK"}]}},"_links":{"self":[{"href":"https:\/\/ulslevstrandcamping.dk\/de\/wp-json\/wp\/v2\/pages\/744","targetHints":{"allow":["GET"]}}],"collection":[{"href":"https:\/\/ulslevstrandcamping.dk\/de\/wp-json\/wp\/v2\/pages"}],"about":[{"href":"https:\/\/ulslevstrandcamping.dk\/de\/wp-json\/wp\/v2\/types\/page"}],"author":[{"embeddable":true,"href":"https:\/\/ulslevstrandcamping.dk\/de\/wp-json\/wp\/v2\/users\/1"}],"replies":[{"embeddable":true,"href":"https:\/\/ulslevstrandcamping.dk\/de\/wp-json\/wp\/v2\/comments?post=744"}],"version-history":[{"count":15,"href":"https:\/\/ulslevstrandcamping.dk\/de\/wp-json\/wp\/v2\/pages\/744\/revisions"}],"predecessor-version":[{"id":2911,"href":"https:\/\/ulslevstrandcamping.dk\/de\/wp-json\/wp\/v2\/pages\/744\/revisions\/2911"}],"wp:attachment":[{"href":"https:\/\/ulslevstrandcamping.dk\/de\/wp-json\/wp\/v2\/media?parent=744"}],"curies":[{"name":"wp","href":"https:\/\/api.w.org\/{rel}","templated":true}]}}