{"id":800,"date":"2018-07-03T11:33:56","date_gmt":"2018-07-03T11:33:56","guid":{"rendered":"http:\/\/ulslevstrandcamping.dk.linux102.curanetserver.dk\/?page_id=651"},"modified":"2025-10-28T13:26:59","modified_gmt":"2025-10-28T12:26:59","slug":"vermietung-von-hutten-und-wohnwagen","status":"publish","type":"page","link":"https:\/\/ulslevstrandcamping.dk\/de\/vermietung-von-hutten-und-wohnwagen\/","title":{"rendered":"Vermietung von H\u00fctten und Wohnwagen"},"content":{"rendered":"<p>Viel Sonne und Sand zwischen den ZehenGenie\u00dfen Sie Ihren n\u00e4chsten Familienurlaub auf Ulslev StrandcampingLesen Sie mehr<\/p>\n<h1>H\u00fctten- und Wohnwagenvermietung<\/h1>\n<p>Auf Ulslev Strandcamping k\u00f6nnen Sie H\u00fctten und Wohnwagen f\u00fcr Ihren Aufenthalt bei uns mieten. Unten finden Sie unsere Auswahl an H\u00fctten und Wohnwagen.<\/p>\n<p>Alle Mieteinheiten haben eine Kaffeemaschine und das n\u00f6tige Geschirr und K\u00fcchenutensilien. Alle Wohnwagen haben ein m\u00f6bliertes Vorzelt. Der Mieter ist f\u00fcr die t\u00e4gliche Reinigung verantwortlich.<br \/>\nEine Endreinigung ist nicht erforderlich. Bettdecken und Kopfkissen sind f\u00fcr die Anzahl der Personen, f\u00fcr die die Mieteinheit vorgesehen ist, vorhanden. Bringen Sie Bettw\u00e4sche, Handt\u00fccher, Geschirrt\u00fccher, Geschirrhandt\u00fccher und Reinigungsmittel mit. Bei der Anmietung einer H\u00fctte oder eines Wohnwagens gelten folgende An- und Abreisezeiten: Ankunft ab 14:00 Uhr, Abreise bis sp\u00e4testens 11:00 Uhr.<\/p>\n<h2>H\u00fctte A<\/h2>\n<ul>\n<li>Gut ausgestattete H\u00fctte von ca. 35 m2.<\/li>\n<li>K\u00fcche mit Gasherd und Kaltwasser, kombinierter K\u00fchl-\/Gefrierschrank<\/li>\n<li>Zimmer mit 3 Betten (Etagenbett)<\/li>\n<\/ul>\n<ul>\n<li>Kombiniertes Ess-\/Wohnzimmer<\/li>\n<li>Schlafsofa f\u00fcr Zusatzbetten<\/li>\n<li>Kleinere Terrasse mit Gartenm\u00f6beln<\/li>\n<li>Haustiere erlaubt<\/li>\n<\/ul>\n<p>Ab DKK 3.600,00\/1 Woche<\/p>\n<p>Siehe Preise<\/p>\n<h2>H\u00fctten B, C und D<\/h2>\n<ul>\n<li>16m2 Kabinen + Terrasse<\/li>\n<li>4 Schlafpl\u00e4tze: 1 Etagenbett und ein Schlafsofa<\/li>\n<li>Terrasse mit Gartentisch und St\u00fchlen<\/li>\n<\/ul>\n<ul>\n<li>Die H\u00fctten wurden im Jahr 2011 gebaut<\/li>\n<li>K\u00fcchenbereich mit K\u00fchlschrank, 2 Gasherdplatten. Wasser nicht angeschlossen<\/li>\n<\/ul>\n<p>Ab DKK 3.600,00\/1 Woche<\/p>\n<p>Siehe Preise<\/p>\n<h2>Mietauto 33<\/h2>\n<ul>\n<li>Wohnwagen f\u00fcr 4 Personen<\/li>\n<li>Doppelbett<\/li>\n<li>Zusatzbett in Sofagruppe<\/li>\n<li>Der Wohnwagen hat eine Toilette<\/li>\n<\/ul>\n<p>Ab DKK 4.725,00\/1 Woche<\/p>\n<p>Siehe Preise<\/p>\n<h2>Mietauto 38<\/h2>\n<ul>\n<li>Wohnwagen f\u00fcr 4 Personen<\/li>\n<li>Doppelbett<\/li>\n<li>Zusatzbett in Sofagruppe<\/li>\n<li>Der Wohnwagen hat eine Toilette<\/li>\n<\/ul>\n<p>Ab DKK 4.725,00\/1 Woche<\/p>\n<p>Siehe Preise<\/p>\n<h2>Mietauto 40<\/h2>\n<ul>\n<li>Wohnwagen f\u00fcr 6 Personen<\/li>\n<li>Doppelbett<\/li>\n<li>2 Etagenbetten<\/li>\n<li>Zusatzbett in Sofagruppe<\/li>\n<li>Der Wohnwagen hat eine Toilette<\/li>\n<\/ul>\n<p>Ab DKK 4.725,00\/1 Woche<\/p>\n<p>Siehe Preise<\/p>\n<h2>Mietauto 47<\/h2>\n<ul>\n<li>Wohnwagen f\u00fcr 4 Personen<\/li>\n<li>2 feste Einzelbetten<\/li>\n<li>Zusatzbett in Sofagruppe<\/li>\n<li>Der Wohnwagen hat eine Toilette<\/li>\n<\/ul>\n<p>Ab DKK 4.725,00\/1 Woche<\/p>\n<p>Siehe Preise<\/p>\n<h3>Moderne Einrichtungen<\/h3>\n<p>Auf Ulslev Strandcamping finden Sie alle modernen Einrichtungen, die Sie f\u00fcr Ihren Urlaub ben\u00f6tigen. Die Einrichtungen sind in zwei gro\u00dfen Geb\u00e4uden in der Mitte des Campingplatzes untergebracht.<\/p>\n<p>Klicken Sie auf die Schaltfl\u00e4che unten, um die Karte des Campingplatzes zu sehen.<\/p>\n<p>Lageplan<\/p>\n<form id=\"gform_1\" action=\"\/wp-admin\/admin-ajax.php\" enctype=\"multipart\/form-data\" method=\"post\" novalidate=\"\"><input name=\"gform_field_values\" type=\"hidden\" value=\"\" \/><\/p>\n<\/form>\n","protected":false},"excerpt":{"rendered":"<p>Viel Sonne und Sand zwischen den ZehenGenie\u00dfen Sie Ihren n\u00e4chsten Familienurlaub auf Ulslev StrandcampingLesen Sie mehr H\u00fctten- und Wohnwagenvermietung Auf&#8230;<\/p>\n","protected":false},"author":1,"featured_media":0,"parent":0,"menu_order":0,"comment_status":"closed","ping_status":"closed","template":"","meta":{"_acf_changed":false,"footnotes":""},"class_list":["post-800","page","type-page","status-publish","hentry"],"acf":[],"yoast_head":"<!-- This site is optimized with the Yoast SEO plugin v23.9 - https:\/\/yoast.com\/wordpress\/plugins\/seo\/ -->\n<title>H\u00fctten- und Wohnwagenvermietung | Campingh\u00fctten auf Falster | Ulslev Strandcamping<\/title>\n<meta name=\"description\" content=\"Auf Ulslev Strandcamping k\u00f6nnen Sie H\u00fctten und Wohnwagen f\u00fcr Ihren Aufenthalt bei uns mieten. Alle Mieteinheiten verf\u00fcgen \u00fcber eine Kaffeemaschine und das n\u00f6tige Geschirr und K\u00fcchenutensilien.\" \/>\n<meta name=\"robots\" content=\"index, follow, max-snippet:-1, max-image-preview:large, max-video-preview:-1\" \/>\n<link rel=\"canonical\" href=\"https:\/\/ulslevstrandcamping.dk\/de\/vermietung-von-hutten-und-wohnwagen\/\" \/>\n<meta property=\"og:locale\" content=\"da_DK\" \/>\n<meta property=\"og:type\" content=\"article\" \/>\n<meta property=\"og:title\" content=\"H\u00fctten- und Wohnwagenvermietung | Campingh\u00fctten auf Falster | Ulslev Strandcamping\" \/>\n<meta property=\"og:description\" content=\"Auf Ulslev Strandcamping k\u00f6nnen Sie H\u00fctten und Wohnwagen f\u00fcr Ihren Aufenthalt bei uns mieten. Alle Mieteinheiten verf\u00fcgen \u00fcber eine Kaffeemaschine und das n\u00f6tige Geschirr und K\u00fcchenutensilien.\" \/>\n<meta property=\"og:url\" content=\"https:\/\/ulslevstrandcamping.dk\/de\/vermietung-von-hutten-und-wohnwagen\/\" \/>\n<meta property=\"og:site_name\" content=\"DE Ulslevstrandcamping.dk\" \/>\n<meta property=\"article:modified_time\" content=\"2025-10-28T12:26:59+00:00\" \/>\n<meta name=\"twitter:card\" content=\"summary_large_image\" \/>\n<meta name=\"twitter:label1\" content=\"Estimeret l\u00e6setid\" \/>\n\t<meta name=\"twitter:data1\" content=\"4 minutter\" \/>\n<!-- \/ Yoast SEO plugin. -->","yoast_head_json":{"title":"H\u00fctten- und Wohnwagenvermietung | Campingh\u00fctten auf Falster | Ulslev Strandcamping","description":"Auf Ulslev Strandcamping k\u00f6nnen Sie H\u00fctten und Wohnwagen f\u00fcr Ihren Aufenthalt bei uns mieten. Alle Mieteinheiten verf\u00fcgen \u00fcber eine Kaffeemaschine und das n\u00f6tige Geschirr und K\u00fcchenutensilien.","robots":{"index":"index","follow":"follow","max-snippet":"max-snippet:-1","max-image-preview":"max-image-preview:large","max-video-preview":"max-video-preview:-1"},"canonical":"https:\/\/ulslevstrandcamping.dk\/de\/vermietung-von-hutten-und-wohnwagen\/","og_locale":"da_DK","og_type":"article","og_title":"H\u00fctten- und Wohnwagenvermietung | Campingh\u00fctten auf Falster | Ulslev Strandcamping","og_description":"Auf Ulslev Strandcamping k\u00f6nnen Sie H\u00fctten und Wohnwagen f\u00fcr Ihren Aufenthalt bei uns mieten. Alle Mieteinheiten verf\u00fcgen \u00fcber eine Kaffeemaschine und das n\u00f6tige Geschirr und K\u00fcchenutensilien.","og_url":"https:\/\/ulslevstrandcamping.dk\/de\/vermietung-von-hutten-und-wohnwagen\/","og_site_name":"DE Ulslevstrandcamping.dk","article_modified_time":"2025-10-28T12:26:59+00:00","twitter_card":"summary_large_image","twitter_misc":{"Estimeret l\u00e6setid":"4 minutter"},"schema":{"@context":"https:\/\/schema.org","@graph":[{"@type":"WebPage","@id":"https:\/\/ulslevstrandcamping.dk\/de\/vermietung-von-hutten-und-wohnwagen\/","url":"https:\/\/ulslevstrandcamping.dk\/de\/vermietung-von-hutten-und-wohnwagen\/","name":"H\u00fctten- und Wohnwagenvermietung | Campingh\u00fctten auf Falster | Ulslev Strandcamping","isPartOf":{"@id":"https:\/\/ulslevstrandcamping.dk\/de\/#website"},"datePublished":"2018-07-03T11:33:56+00:00","dateModified":"2025-10-28T12:26:59+00:00","description":"Auf Ulslev Strandcamping k\u00f6nnen Sie H\u00fctten und Wohnwagen f\u00fcr Ihren Aufenthalt bei uns mieten. Alle Mieteinheiten verf\u00fcgen \u00fcber eine Kaffeemaschine und das n\u00f6tige Geschirr und K\u00fcchenutensilien.","breadcrumb":{"@id":"https:\/\/ulslevstrandcamping.dk\/de\/vermietung-von-hutten-und-wohnwagen\/#breadcrumb"},"inLanguage":"da-DK","potentialAction":[{"@type":"ReadAction","target":["https:\/\/ulslevstrandcamping.dk\/de\/vermietung-von-hutten-und-wohnwagen\/"]}]},{"@type":"BreadcrumbList","@id":"https:\/\/ulslevstrandcamping.dk\/de\/vermietung-von-hutten-und-wohnwagen\/#breadcrumb","itemListElement":[{"@type":"ListItem","position":1,"name":"Hjem","item":"https:\/\/ulslevstrandcamping.dk\/de\/"},{"@type":"ListItem","position":2,"name":"Vermietung von H\u00fctten und Wohnwagen"}]},{"@type":"WebSite","@id":"https:\/\/ulslevstrandcamping.dk\/de\/#website","url":"https:\/\/ulslevstrandcamping.dk\/de\/","name":"DE Ulslevstrandcamping.dk","description":"","potentialAction":[{"@type":"SearchAction","target":{"@type":"EntryPoint","urlTemplate":"https:\/\/ulslevstrandcamping.dk\/de\/?s={search_term_string}"},"query-input":{"@type":"PropertyValueSpecification","valueRequired":true,"valueName":"search_term_string"}}],"inLanguage":"da-DK"}]}},"_links":{"self":[{"href":"https:\/\/ulslevstrandcamping.dk\/de\/wp-json\/wp\/v2\/pages\/800","targetHints":{"allow":["GET"]}}],"collection":[{"href":"https:\/\/ulslevstrandcamping.dk\/de\/wp-json\/wp\/v2\/pages"}],"about":[{"href":"https:\/\/ulslevstrandcamping.dk\/de\/wp-json\/wp\/v2\/types\/page"}],"author":[{"embeddable":true,"href":"https:\/\/ulslevstrandcamping.dk\/de\/wp-json\/wp\/v2\/users\/1"}],"replies":[{"embeddable":true,"href":"https:\/\/ulslevstrandcamping.dk\/de\/wp-json\/wp\/v2\/comments?post=800"}],"version-history":[{"count":15,"href":"https:\/\/ulslevstrandcamping.dk\/de\/wp-json\/wp\/v2\/pages\/800\/revisions"}],"predecessor-version":[{"id":2908,"href":"https:\/\/ulslevstrandcamping.dk\/de\/wp-json\/wp\/v2\/pages\/800\/revisions\/2908"}],"wp:attachment":[{"href":"https:\/\/ulslevstrandcamping.dk\/de\/wp-json\/wp\/v2\/media?parent=800"}],"curies":[{"name":"wp","href":"https:\/\/api.w.org\/{rel}","templated":true}]}}