{"id":801,"date":"2018-07-03T12:06:30","date_gmt":"2018-07-03T12:06:30","guid":{"rendered":"http:\/\/ulslevstrandcamping.dk.linux102.curanetserver.dk\/?page_id=709"},"modified":"2025-10-28T13:29:03","modified_gmt":"2025-10-28T12:29:03","slug":"ferienhaus-auf-ulslev-strandcamping","status":"publish","type":"page","link":"https:\/\/ulslevstrandcamping.dk\/de\/ferienhaus-auf-ulslev-strandcamping\/","title":{"rendered":"Ferienhaus auf Ulslev Strandcamping"},"content":{"rendered":"<h1>Ferienhaus auf Ulslev Strandcamping<\/h1>\n<p>Auf Ulslev Strandcamping k\u00f6nnen Sie unser gro\u00dfes 115 m2 gro\u00dfes Ferienhaus f\u00fcr Ihren Aufenthalt bei uns mieten.<\/p>\n<p>Alle Mieteinheiten sind mit einer Kaffeemaschine und dem n\u00f6tigen Geschirr ausgestattet. Alle Wohnwagen haben ein m\u00f6bliertes Vorzelt. Der Mieter ist f\u00fcr die t\u00e4gliche Reinigung verantwortlich.<br \/>\nEine Endreinigung ist nicht erforderlich. Bettdecken und Kopfkissen sind f\u00fcr die Anzahl der Personen, f\u00fcr die die Mieteinheit vorgesehen ist, vorhanden. Bringen Sie Bettw\u00e4sche, Handt\u00fccher, Geschirrt\u00fccher, Geschirrhandt\u00fccher und Reinigungsmittel mit. Bei der Anmietung einer H\u00fctte oder eines Wohnwagens gelten folgende An- und Abreisezeiten: Ankunft ab 14:00 Uhr, Abreise bis sp\u00e4testens 11:00 Uhr.<\/p>\n<h2>Ferienhaus<\/h2>\n<ul>\n<li>Wohnzimmer mit offener neuer K\u00fcche mit allen Ger\u00e4ten<\/li>\n<li>Badezimmer mit Dusche<\/li>\n<\/ul>\n<ul>\n<li>Warmes und kaltes Wasser<\/li>\n<li>Wohnzimmer mit TV<\/li>\n<li>Schlafsofa f\u00fcr Zusatzbetten im Wohnzimmer<\/li>\n<\/ul>\n<p>Ab DKK 5.600,00\/1 Woche<\/p>\n<p>Siehe Preise<\/p>\n<h3>Moderne Einrichtungen<\/h3>\n<p>Auf Ulslev Strandcamping finden Sie alle modernen Einrichtungen, die Sie f\u00fcr Ihren Urlaub ben\u00f6tigen. Die Einrichtungen sind in zwei gro\u00dfen Geb\u00e4uden in der Mitte des Campingplatzes untergebracht.<\/p>\n<p>Klicken Sie auf die Schaltfl\u00e4che unten, um die Karte des Campingplatzes zu sehen.<\/p>\n<p>Lageplan<\/p>\n<h3>Werfen Sie einen Blick in unsere Galerie<\/h3>\n","protected":false},"excerpt":{"rendered":"<p>Ferienhaus auf Ulslev Strandcamping Auf Ulslev Strandcamping k\u00f6nnen Sie unser gro\u00dfes 115 m2 gro\u00dfes Ferienhaus f\u00fcr Ihren Aufenthalt bei uns&#8230;<\/p>\n","protected":false},"author":1,"featured_media":0,"parent":0,"menu_order":0,"comment_status":"closed","ping_status":"closed","template":"","meta":{"_acf_changed":false,"footnotes":""},"class_list":["post-801","page","type-page","status-publish","hentry"],"acf":[],"yoast_head":"<!-- This site is optimized with the Yoast SEO plugin v23.9 - https:\/\/yoast.com\/wordpress\/plugins\/seo\/ -->\n<title>Ferienhaus Falster | Ferienh\u00e4user in Marielyst | Ulslev Strandcamping<\/title>\n<meta name=\"description\" content=\"Auf Ulslev Strandcamping k\u00f6nnen Sie unser gro\u00dfes 115 m2 gro\u00dfes Ferienhaus f\u00fcr Ihren Aufenthalt bei uns mieten. Gemietet mit Kaffeemaschine und notwendigen Geschirr und K\u00fcchenutensilien\" \/>\n<meta name=\"robots\" content=\"index, follow, max-snippet:-1, max-image-preview:large, max-video-preview:-1\" \/>\n<link rel=\"canonical\" href=\"https:\/\/ulslevstrandcamping.dk\/de\/ferienhaus-auf-ulslev-strandcamping\/\" \/>\n<meta property=\"og:locale\" content=\"da_DK\" \/>\n<meta property=\"og:type\" content=\"article\" \/>\n<meta property=\"og:title\" content=\"Ferienhaus Falster | Ferienh\u00e4user in Marielyst | Ulslev Strandcamping\" \/>\n<meta property=\"og:description\" content=\"Auf Ulslev Strandcamping k\u00f6nnen Sie unser gro\u00dfes 115 m2 gro\u00dfes Ferienhaus f\u00fcr Ihren Aufenthalt bei uns mieten. Gemietet mit Kaffeemaschine und notwendigen Geschirr und K\u00fcchenutensilien\" \/>\n<meta property=\"og:url\" content=\"https:\/\/ulslevstrandcamping.dk\/de\/ferienhaus-auf-ulslev-strandcamping\/\" \/>\n<meta property=\"og:site_name\" content=\"DE Ulslevstrandcamping.dk\" \/>\n<meta property=\"article:modified_time\" content=\"2025-10-28T12:29:03+00:00\" \/>\n<meta name=\"twitter:card\" content=\"summary_large_image\" \/>\n<meta name=\"twitter:label1\" content=\"Estimeret l\u00e6setid\" \/>\n\t<meta name=\"twitter:data1\" content=\"3 minutter\" \/>\n<!-- \/ Yoast SEO plugin. -->","yoast_head_json":{"title":"Ferienhaus Falster | Ferienh\u00e4user in Marielyst | Ulslev Strandcamping","description":"Auf Ulslev Strandcamping k\u00f6nnen Sie unser gro\u00dfes 115 m2 gro\u00dfes Ferienhaus f\u00fcr Ihren Aufenthalt bei uns mieten. Gemietet mit Kaffeemaschine und notwendigen Geschirr und K\u00fcchenutensilien","robots":{"index":"index","follow":"follow","max-snippet":"max-snippet:-1","max-image-preview":"max-image-preview:large","max-video-preview":"max-video-preview:-1"},"canonical":"https:\/\/ulslevstrandcamping.dk\/de\/ferienhaus-auf-ulslev-strandcamping\/","og_locale":"da_DK","og_type":"article","og_title":"Ferienhaus Falster | Ferienh\u00e4user in Marielyst | Ulslev Strandcamping","og_description":"Auf Ulslev Strandcamping k\u00f6nnen Sie unser gro\u00dfes 115 m2 gro\u00dfes Ferienhaus f\u00fcr Ihren Aufenthalt bei uns mieten. Gemietet mit Kaffeemaschine und notwendigen Geschirr und K\u00fcchenutensilien","og_url":"https:\/\/ulslevstrandcamping.dk\/de\/ferienhaus-auf-ulslev-strandcamping\/","og_site_name":"DE Ulslevstrandcamping.dk","article_modified_time":"2025-10-28T12:29:03+00:00","twitter_card":"summary_large_image","twitter_misc":{"Estimeret l\u00e6setid":"3 minutter"},"schema":{"@context":"https:\/\/schema.org","@graph":[{"@type":"WebPage","@id":"https:\/\/ulslevstrandcamping.dk\/de\/ferienhaus-auf-ulslev-strandcamping\/","url":"https:\/\/ulslevstrandcamping.dk\/de\/ferienhaus-auf-ulslev-strandcamping\/","name":"Ferienhaus Falster | Ferienh\u00e4user in Marielyst | Ulslev Strandcamping","isPartOf":{"@id":"https:\/\/ulslevstrandcamping.dk\/de\/#website"},"datePublished":"2018-07-03T12:06:30+00:00","dateModified":"2025-10-28T12:29:03+00:00","description":"Auf Ulslev Strandcamping k\u00f6nnen Sie unser gro\u00dfes 115 m2 gro\u00dfes Ferienhaus f\u00fcr Ihren Aufenthalt bei uns mieten. Gemietet mit Kaffeemaschine und notwendigen Geschirr und K\u00fcchenutensilien","breadcrumb":{"@id":"https:\/\/ulslevstrandcamping.dk\/de\/ferienhaus-auf-ulslev-strandcamping\/#breadcrumb"},"inLanguage":"da-DK","potentialAction":[{"@type":"ReadAction","target":["https:\/\/ulslevstrandcamping.dk\/de\/ferienhaus-auf-ulslev-strandcamping\/"]}]},{"@type":"BreadcrumbList","@id":"https:\/\/ulslevstrandcamping.dk\/de\/ferienhaus-auf-ulslev-strandcamping\/#breadcrumb","itemListElement":[{"@type":"ListItem","position":1,"name":"Hjem","item":"https:\/\/ulslevstrandcamping.dk\/de\/"},{"@type":"ListItem","position":2,"name":"Ferienhaus auf Ulslev Strandcamping"}]},{"@type":"WebSite","@id":"https:\/\/ulslevstrandcamping.dk\/de\/#website","url":"https:\/\/ulslevstrandcamping.dk\/de\/","name":"DE Ulslevstrandcamping.dk","description":"","potentialAction":[{"@type":"SearchAction","target":{"@type":"EntryPoint","urlTemplate":"https:\/\/ulslevstrandcamping.dk\/de\/?s={search_term_string}"},"query-input":{"@type":"PropertyValueSpecification","valueRequired":true,"valueName":"search_term_string"}}],"inLanguage":"da-DK"}]}},"_links":{"self":[{"href":"https:\/\/ulslevstrandcamping.dk\/de\/wp-json\/wp\/v2\/pages\/801","targetHints":{"allow":["GET"]}}],"collection":[{"href":"https:\/\/ulslevstrandcamping.dk\/de\/wp-json\/wp\/v2\/pages"}],"about":[{"href":"https:\/\/ulslevstrandcamping.dk\/de\/wp-json\/wp\/v2\/types\/page"}],"author":[{"embeddable":true,"href":"https:\/\/ulslevstrandcamping.dk\/de\/wp-json\/wp\/v2\/users\/1"}],"replies":[{"embeddable":true,"href":"https:\/\/ulslevstrandcamping.dk\/de\/wp-json\/wp\/v2\/comments?post=801"}],"version-history":[{"count":15,"href":"https:\/\/ulslevstrandcamping.dk\/de\/wp-json\/wp\/v2\/pages\/801\/revisions"}],"predecessor-version":[{"id":2909,"href":"https:\/\/ulslevstrandcamping.dk\/de\/wp-json\/wp\/v2\/pages\/801\/revisions\/2909"}],"wp:attachment":[{"href":"https:\/\/ulslevstrandcamping.dk\/de\/wp-json\/wp\/v2\/media?parent=801"}],"curies":[{"name":"wp","href":"https:\/\/api.w.org\/{rel}","templated":true}]}}